{"id":7896,"date":"2021-08-31T22:42:02","date_gmt":"2021-09-01T01:42:02","guid":{"rendered":"https:\/\/bencaodiaria.club\/?page_id=7896"},"modified":"2025-11-27T17:53:20","modified_gmt":"2025-11-27T20:53:20","slug":"contato","status":"publish","type":"page","link":"https:\/\/bencaodiaria.club\/pt\/contato\/","title":{"rendered":"Contato"},"content":{"rendered":"\n<div class=\"wpcf7 no-js\" id=\"wpcf7-f17547-o1\" lang=\"pt-BR\" dir=\"ltr\" data-wpcf7-id=\"17547\">\n<div class=\"screen-reader-response\"><p role=\"status\" aria-live=\"polite\" aria-atomic=\"true\"><\/p> <ul><\/ul><\/div>\n<form action=\"\/pt\/wp-json\/wp\/v2\/pages\/7896#wpcf7-f17547-o1\" method=\"post\" class=\"wpcf7-form init\" aria-label=\"Formul\u00e1rios de contato\" novalidate=\"novalidate\" data-status=\"init\">\n<fieldset class=\"hidden-fields-container\"><input type=\"hidden\" name=\"_wpcf7\" value=\"17547\" \/><input type=\"hidden\" name=\"_wpcf7_version\" value=\"6.1.5\" \/><input type=\"hidden\" name=\"_wpcf7_locale\" value=\"pt_BR\" \/><input type=\"hidden\" name=\"_wpcf7_unit_tag\" value=\"wpcf7-f17547-o1\" \/><input type=\"hidden\" name=\"_wpcf7_container_post\" value=\"0\" \/><input type=\"hidden\" name=\"_wpcf7_posted_data_hash\" value=\"\" \/>\n<\/fieldset>\n<p><label> Seu nome<br \/>\n<span class=\"wpcf7-form-control-wrap\" data-name=\"your-name\"><input size=\"40\" maxlength=\"400\" class=\"wpcf7-form-control wpcf7-text wpcf7-validates-as-required\" autocomplete=\"name\" aria-required=\"true\" aria-invalid=\"false\" value=\"\" type=\"text\" name=\"your-name\" \/><\/span> <\/label>\n<\/p>\n<p><label> Seu e-mail<br \/>\n<span class=\"wpcf7-form-control-wrap\" data-name=\"your-email\"><input size=\"40\" maxlength=\"400\" class=\"wpcf7-form-control wpcf7-email wpcf7-validates-as-required wpcf7-text wpcf7-validates-as-email\" autocomplete=\"email\" aria-required=\"true\" aria-invalid=\"false\" value=\"\" type=\"email\" name=\"your-email\" \/><\/span> <\/label>\n<\/p>\n<p><label> Assunto<br \/>\n<span class=\"wpcf7-form-control-wrap\" data-name=\"your-subject\"><input size=\"40\" maxlength=\"400\" class=\"wpcf7-form-control wpcf7-text wpcf7-validates-as-required\" aria-required=\"true\" aria-invalid=\"false\" value=\"\" type=\"text\" name=\"your-subject\" \/><\/span> <\/label>\n<\/p>\n<p><label> Sua mensagem<br \/>\n<span class=\"wpcf7-form-control-wrap\" data-name=\"your-message\"><textarea cols=\"40\" rows=\"10\" maxlength=\"2000\" class=\"wpcf7-form-control wpcf7-textarea\" aria-invalid=\"false\" name=\"your-message\"><\/textarea><\/span> <\/label>\n<\/p>\n<p><input class=\"wpcf7-form-control wpcf7-submit has-spinner\" type=\"submit\" value=\"Enviar\" \/>\n<\/p><div class=\"wpcf7-response-output\" aria-hidden=\"true\"><\/div>\n<\/form>\n<\/div>\n\n\n\n\n<p>Tem alguma d\u00favida sobre o nosso conte\u00fado? Preencha o formul\u00e1rio abaixo ou escreva-nos. Responderemos em at\u00e9 48 horas \u00fateis.<\/p>\n","protected":false},"excerpt":{"rendered":"<p>Tem alguma d\u00favida sobre o nosso conte\u00fado? Preencha o formul\u00e1rio abaixo ou escreva-nos. Responderemos em at\u00e9 48 horas \u00fateis.<\/p>\n","protected":false},"author":4,"featured_media":0,"parent":0,"menu_order":0,"comment_status":"closed","ping_status":"closed","template":"","meta":{"ghostkit_customizer_options":"","ghostkit_custom_css":"","ghostkit_custom_js_head":"","ghostkit_custom_js_foot":"","ghostkit_typography":"","footnotes":""},"class_list":["post-7896","page","type-page","status-publish","hentry","entry"],"yoast_head":"<!-- This site is optimized with the Yoast SEO plugin v27.4 - https:\/\/yoast.com\/product\/yoast-seo-wordpress\/ -->\n<title>Contato - Ben\u00e7\u00e3o Di\u00e1ria<\/title>\n<meta name=\"robots\" content=\"index, follow, max-snippet:-1, max-image-preview:large, max-video-preview:-1\" \/>\n<link rel=\"canonical\" href=\"https:\/\/bencaodiaria.club\/pt\/contato\/\" \/>\n<meta property=\"og:locale\" content=\"pt_BR\" \/>\n<meta property=\"og:type\" content=\"article\" \/>\n<meta property=\"og:title\" content=\"Contato - Ben\u00e7\u00e3o Di\u00e1ria\" \/>\n<meta property=\"og:description\" content=\"Tem alguma d\u00favida sobre o nosso conte\u00fado? Preencha o formul\u00e1rio abaixo ou escreva-nos. Responderemos em at\u00e9 48 horas \u00fateis.\" \/>\n<meta property=\"og:url\" content=\"https:\/\/bencaodiaria.club\/pt\/contato\/\" \/>\n<meta property=\"og:site_name\" content=\"Ben\u00e7\u00e3o Di\u00e1ria\" \/>\n<meta property=\"article:modified_time\" content=\"2025-11-27T20:53:20+00:00\" \/>\n<meta name=\"twitter:card\" content=\"summary_large_image\" \/>\n<meta name=\"twitter:label1\" content=\"Est. tempo de leitura\" \/>\n\t<meta name=\"twitter:data1\" content=\"1 minuto\" \/>\n<script type=\"application\/ld+json\" class=\"yoast-schema-graph\">{\"@context\":\"https:\\\/\\\/schema.org\",\"@graph\":[{\"@type\":\"WebPage\",\"@id\":\"https:\\\/\\\/bencaodiaria.club\\\/contato\\\/\",\"url\":\"https:\\\/\\\/bencaodiaria.club\\\/contato\\\/\",\"name\":\"Contato - Ben\u00e7\u00e3o Di\u00e1ria\",\"isPartOf\":{\"@id\":\"https:\\\/\\\/bencaodiaria.club\\\/#website\"},\"datePublished\":\"2021-09-01T01:42:02+00:00\",\"dateModified\":\"2025-11-27T20:53:20+00:00\",\"breadcrumb\":{\"@id\":\"https:\\\/\\\/bencaodiaria.club\\\/contato\\\/#breadcrumb\"},\"inLanguage\":\"pt-BR\",\"potentialAction\":[{\"@type\":\"ReadAction\",\"target\":[\"https:\\\/\\\/bencaodiaria.club\\\/contato\\\/\"]}]},{\"@type\":\"BreadcrumbList\",\"@id\":\"https:\\\/\\\/bencaodiaria.club\\\/contato\\\/#breadcrumb\",\"itemListElement\":[{\"@type\":\"ListItem\",\"position\":1,\"name\":\"Home\",\"item\":\"https:\\\/\\\/bencaodiaria.club\\\/\"},{\"@type\":\"ListItem\",\"position\":2,\"name\":\"Contato\"}]},{\"@type\":\"WebSite\",\"@id\":\"https:\\\/\\\/bencaodiaria.club\\\/#website\",\"url\":\"https:\\\/\\\/bencaodiaria.club\\\/\",\"name\":\"Ben\u00e7\u00e3o Di\u00e1ria\",\"description\":\"A Palavra de Deus todos os dias\",\"publisher\":{\"@id\":\"https:\\\/\\\/bencaodiaria.club\\\/#organization\"},\"potentialAction\":[{\"@type\":\"SearchAction\",\"target\":{\"@type\":\"EntryPoint\",\"urlTemplate\":\"https:\\\/\\\/bencaodiaria.club\\\/?s={search_term_string}\"},\"query-input\":{\"@type\":\"PropertyValueSpecification\",\"valueRequired\":true,\"valueName\":\"search_term_string\"}}],\"inLanguage\":\"pt-BR\"},{\"@type\":\"Organization\",\"@id\":\"https:\\\/\\\/bencaodiaria.club\\\/#organization\",\"name\":\"Ben\u00e7\u00e3o Di\u00e1ria\",\"url\":\"https:\\\/\\\/bencaodiaria.club\\\/\",\"logo\":{\"@type\":\"ImageObject\",\"inLanguage\":\"pt-BR\",\"@id\":\"https:\\\/\\\/bencaodiaria.club\\\/#\\\/schema\\\/logo\\\/image\\\/\",\"url\":\"https:\\\/\\\/bencaodiaria.club\\\/wp-content\\\/uploads\\\/2020\\\/06\\\/LOGO-MOBILE.png\",\"contentUrl\":\"https:\\\/\\\/bencaodiaria.club\\\/wp-content\\\/uploads\\\/2020\\\/06\\\/LOGO-MOBILE.png\",\"width\":100,\"height\":40,\"caption\":\"Ben\u00e7\u00e3o Di\u00e1ria\"},\"image\":{\"@id\":\"https:\\\/\\\/bencaodiaria.club\\\/#\\\/schema\\\/logo\\\/image\\\/\"}}]}<\/script>\n<!-- \/ Yoast SEO plugin. -->","yoast_head_json":{"title":"Contato - Ben\u00e7\u00e3o Di\u00e1ria","robots":{"index":"index","follow":"follow","max-snippet":"max-snippet:-1","max-image-preview":"max-image-preview:large","max-video-preview":"max-video-preview:-1"},"canonical":"https:\/\/bencaodiaria.club\/pt\/contato\/","og_locale":"pt_BR","og_type":"article","og_title":"Contato - Ben\u00e7\u00e3o Di\u00e1ria","og_description":"Tem alguma d\u00favida sobre o nosso conte\u00fado? Preencha o formul\u00e1rio abaixo ou escreva-nos. Responderemos em at\u00e9 48 horas \u00fateis.","og_url":"https:\/\/bencaodiaria.club\/pt\/contato\/","og_site_name":"Ben\u00e7\u00e3o Di\u00e1ria","article_modified_time":"2025-11-27T20:53:20+00:00","twitter_card":"summary_large_image","twitter_misc":{"Est. tempo de leitura":"1 minuto"},"schema":{"@context":"https:\/\/schema.org","@graph":[{"@type":"WebPage","@id":"https:\/\/bencaodiaria.club\/contato\/","url":"https:\/\/bencaodiaria.club\/contato\/","name":"Contato - Ben\u00e7\u00e3o Di\u00e1ria","isPartOf":{"@id":"https:\/\/bencaodiaria.club\/#website"},"datePublished":"2021-09-01T01:42:02+00:00","dateModified":"2025-11-27T20:53:20+00:00","breadcrumb":{"@id":"https:\/\/bencaodiaria.club\/contato\/#breadcrumb"},"inLanguage":"pt-BR","potentialAction":[{"@type":"ReadAction","target":["https:\/\/bencaodiaria.club\/contato\/"]}]},{"@type":"BreadcrumbList","@id":"https:\/\/bencaodiaria.club\/contato\/#breadcrumb","itemListElement":[{"@type":"ListItem","position":1,"name":"Home","item":"https:\/\/bencaodiaria.club\/"},{"@type":"ListItem","position":2,"name":"Contato"}]},{"@type":"WebSite","@id":"https:\/\/bencaodiaria.club\/#website","url":"https:\/\/bencaodiaria.club\/","name":"Ben\u00e7\u00e3o Di\u00e1ria","description":"A Palavra de Deus todos os dias","publisher":{"@id":"https:\/\/bencaodiaria.club\/#organization"},"potentialAction":[{"@type":"SearchAction","target":{"@type":"EntryPoint","urlTemplate":"https:\/\/bencaodiaria.club\/?s={search_term_string}"},"query-input":{"@type":"PropertyValueSpecification","valueRequired":true,"valueName":"search_term_string"}}],"inLanguage":"pt-BR"},{"@type":"Organization","@id":"https:\/\/bencaodiaria.club\/#organization","name":"Ben\u00e7\u00e3o Di\u00e1ria","url":"https:\/\/bencaodiaria.club\/","logo":{"@type":"ImageObject","inLanguage":"pt-BR","@id":"https:\/\/bencaodiaria.club\/#\/schema\/logo\/image\/","url":"https:\/\/bencaodiaria.club\/wp-content\/uploads\/2020\/06\/LOGO-MOBILE.png","contentUrl":"https:\/\/bencaodiaria.club\/wp-content\/uploads\/2020\/06\/LOGO-MOBILE.png","width":100,"height":40,"caption":"Ben\u00e7\u00e3o Di\u00e1ria"},"image":{"@id":"https:\/\/bencaodiaria.club\/#\/schema\/logo\/image\/"}}]}},"brizy_media":[],"_links":{"self":[{"href":"https:\/\/bencaodiaria.club\/pt\/wp-json\/wp\/v2\/pages\/7896","targetHints":{"allow":["GET"]}}],"collection":[{"href":"https:\/\/bencaodiaria.club\/pt\/wp-json\/wp\/v2\/pages"}],"about":[{"href":"https:\/\/bencaodiaria.club\/pt\/wp-json\/wp\/v2\/types\/page"}],"author":[{"embeddable":true,"href":"https:\/\/bencaodiaria.club\/pt\/wp-json\/wp\/v2\/users\/4"}],"replies":[{"embeddable":true,"href":"https:\/\/bencaodiaria.club\/pt\/wp-json\/wp\/v2\/comments?post=7896"}],"version-history":[{"count":3,"href":"https:\/\/bencaodiaria.club\/pt\/wp-json\/wp\/v2\/pages\/7896\/revisions"}],"predecessor-version":[{"id":18064,"href":"https:\/\/bencaodiaria.club\/pt\/wp-json\/wp\/v2\/pages\/7896\/revisions\/18064"}],"wp:attachment":[{"href":"https:\/\/bencaodiaria.club\/pt\/wp-json\/wp\/v2\/media?parent=7896"}],"curies":[{"name":"wp","href":"https:\/\/api.w.org\/{rel}","templated":true}]}}