{"id":620,"date":"2018-06-23T17:48:05","date_gmt":"2018-06-23T20:48:05","guid":{"rendered":"http:\/\/138.197.197.124\/?page_id=620"},"modified":"2025-12-10T14:42:37","modified_gmt":"2025-12-10T17:42:37","slug":"politicaprivacidade","status":"publish","type":"page","link":"https:\/\/bencaodiaria.club\/it\/politicaprivacidade\/","title":{"rendered":"politica sulla riservatezza"},"content":{"rendered":"<h2 data-start=\"679\" data-end=\"718\"><strong data-start=\"682\" data-end=\"718\">1. Impegno per la privacy<\/strong><\/h2>\n<p data-start=\"720\" data-end=\"1077\">Proteggere la tua privacy \u00e8 una priorit\u00e0 per Daily Blessing. Tutte le informazioni personali fornite da membri, abbonati, clienti o visitatori vengono trattate in conformit\u00e0 con la <strong data-start=\"909\" data-end=\"971\">Legge generale sulla protezione dei dati (Legge n. 13.709\/2018 \u2013 LGPD)<\/strong> in Brasile e, ove applicabile, con il <strong data-start=\"1009\" data-end=\"1058\">Regolamento generale sulla protezione dei dati (GDPR)<\/strong> dell&#039;Unione Europea.<\/p>\n<p data-start=\"1079\" data-end=\"1192\">Questa informativa spiega come raccogliamo, utilizziamo, conserviamo, condividiamo e proteggiamo i vostri dati personali.<\/p>\n<hr data-start=\"1194\" data-end=\"1197\" \/>\n<h2 data-start=\"1199\" data-end=\"1239\"><strong data-start=\"1202\" data-end=\"1239\">2. Raccolta di informazioni personali<\/strong><\/h2>\n<p data-start=\"1241\" data-end=\"1329\">Potremmo raccogliere informazioni personali fornite volontariamente dall&#039;utente, tra cui:<\/p>\n<ul data-start=\"1331\" data-end=\"1526\">\n<li data-start=\"1331\" data-end=\"1348\">\n<p data-start=\"1333\" data-end=\"1348\">Nome e cognome<\/p>\n<\/li>\n<li data-start=\"1349\" data-end=\"1371\">\n<p data-start=\"1351\" data-end=\"1371\">Indirizzo e-mail<\/p>\n<\/li>\n<li data-start=\"1372\" data-end=\"1405\">\n<p data-start=\"1374\" data-end=\"1405\">Numero di telefono o cellulare<\/p>\n<\/li>\n<li data-start=\"1406\" data-end=\"1430\">\n<p data-start=\"1408\" data-end=\"1430\">Indirizzo di residenza<\/p>\n<\/li>\n<li data-start=\"1431\" data-end=\"1453\">\n<p data-start=\"1433\" data-end=\"1453\">Data di nascita<\/p>\n<\/li>\n<li data-start=\"1454\" data-end=\"1526\">\n<p data-start=\"1456\" data-end=\"1526\">Informazioni inviate tramite moduli, registrazioni o interazioni sul sito web.<\/p>\n<\/li>\n<\/ul>\n<p data-start=\"1528\" data-end=\"1699\">Questi dati vengono utilizzati esclusivamente per migliorare l&#039;esperienza dell&#039;utente, consentire una comunicazione appropriata e fornire contenuti, risorse e servizi pertinenti.<\/p>\n<p data-start=\"1701\" data-end=\"1752\">Possiamo anche raccogliere dati automaticamente, come ad esempio:<\/p>\n<ul data-start=\"1754\" data-end=\"1900\">\n<li data-start=\"1754\" data-end=\"1769\">\n<p data-start=\"1756\" data-end=\"1769\">indirizzo IP<\/p>\n<\/li>\n<li data-start=\"1770\" data-end=\"1793\">\n<p data-start=\"1772\" data-end=\"1793\">Browser utilizzato<\/p>\n<\/li>\n<li data-start=\"1794\" data-end=\"1824\">\n<p data-start=\"1796\" data-end=\"1824\">Fornitore di servizi Internet (ISP)<\/p>\n<\/li>\n<li data-start=\"1825\" data-end=\"1844\">\n<p data-start=\"1827\" data-end=\"1844\">Orario della visita<\/p>\n<\/li>\n<li data-start=\"1845\" data-end=\"1869\">\n<p data-start=\"1847\" data-end=\"1869\">Pagine visualizzate<\/p>\n<\/li>\n<li data-start=\"1870\" data-end=\"1900\">\n<p data-start=\"1872\" data-end=\"1900\">Identificatori dei cookie<\/p>\n<\/li>\n<\/ul>\n<hr data-start=\"1902\" data-end=\"1905\" \/>\n<h2 data-start=\"1907\" data-end=\"1936\"><strong data-start=\"1910\" data-end=\"1936\">3. Utilizzo delle informazioni<\/strong><\/h2>\n<p data-start=\"1938\" data-end=\"1989\">Le informazioni raccolte possono essere utilizzate per:<\/p>\n<ul data-start=\"1991\" data-end=\"2373\">\n<li data-start=\"1991\" data-end=\"2055\">\n<p data-start=\"1993\" data-end=\"2055\">Personalizza la tua esperienza di navigazione e migliora la tua esperienza sul sito web.<\/p>\n<\/li>\n<li data-start=\"2056\" data-end=\"2175\">\n<p data-start=\"2058\" data-end=\"2175\">Invio di messaggi informativi, religiosi, promozionali o notifiche pertinenti (previa autorizzazione dell&#039;utente)<\/p>\n<\/li>\n<li data-start=\"2176\" data-end=\"2220\">\n<p data-start=\"2178\" data-end=\"2220\">Rispettare gli obblighi legali e normativi.<\/p>\n<\/li>\n<li data-start=\"2221\" data-end=\"2277\">\n<p data-start=\"2223\" data-end=\"2277\">Eseguire analisi statistiche per migliorare il sito web.<\/p>\n<\/li>\n<li data-start=\"2278\" data-end=\"2373\">\n<p data-start=\"2280\" data-end=\"2373\">Mostra annunci mirati, inclusi annunci forniti da Google e da altri partner.<\/p>\n<\/li>\n<\/ul>\n<p data-start=\"2375\" data-end=\"2479\">Nessuna informazione personale viene condivisa pubblicamente o con terze parti, salvo nei casi previsti dalla legge.<\/p>\n<hr data-start=\"2481\" data-end=\"2484\" \/>\n<h2 data-start=\"2486\" data-end=\"2533\"><strong data-start=\"2489\" data-end=\"2533\">4. Cookie e tecnologie di tracciamento<\/strong><\/h2>\n<p data-start=\"2535\" data-end=\"2572\">Il sito web Daily Blessing utilizza i cookie per:<\/p>\n<ul data-start=\"2574\" data-end=\"2716\">\n<li data-start=\"2574\" data-end=\"2611\">\n<p data-start=\"2576\" data-end=\"2611\">Memorizza le preferenze dell&#039;utente<\/p>\n<\/li>\n<li data-start=\"2612\" data-end=\"2647\">\n<p data-start=\"2614\" data-end=\"2647\">Personalizza il contenuto visualizzato<\/p>\n<\/li>\n<li data-start=\"2648\" data-end=\"2681\">\n<p data-start=\"2650\" data-end=\"2681\">Analizzare le prestazioni del sito web.<\/p>\n<\/li>\n<li data-start=\"2682\" data-end=\"2716\">\n<p data-start=\"2684\" data-end=\"2716\">Mostra annunci personalizzati<\/p>\n<\/li>\n<\/ul>\n<h3 data-start=\"2718\" data-end=\"2750\"><strong data-start=\"2722\" data-end=\"2750\">Utilizzo dei cookie da parte di Google<\/strong><\/h3>\n<p data-start=\"2752\" data-end=\"2841\">Questo sito web utilizza tecnologie di pubblicit\u00e0 e analisi fornite da Google, tra cui:<\/p>\n<ul data-start=\"2843\" data-end=\"2958\">\n<li data-start=\"2843\" data-end=\"2865\">\n<p data-start=\"2845\" data-end=\"2865\"><strong data-start=\"2845\" data-end=\"2863\">Google AdSense<\/strong><\/p>\n<\/li>\n<li data-start=\"2866\" data-end=\"2890\">\n<p data-start=\"2868\" data-end=\"2890\"><strong data-start=\"2868\" data-end=\"2888\">Google Analytics<\/strong><\/p>\n<\/li>\n<li data-start=\"2891\" data-end=\"2958\">\n<p data-start=\"2893\" data-end=\"2958\">Cookie per la personalizzazione degli annunci e la misurazione delle prestazioni.<\/p>\n<\/li>\n<\/ul>\n<p data-start=\"2960\" data-end=\"3110\">Google potrebbe utilizzare i cookie, inclusi <strong data-start=\"3004\" data-end=\"3019\">cookie DART<\/strong>, per visualizzare annunci pubblicitari basati sulle precedenti visite dell&#039;utente a questo e ad altri siti web.<\/p>\n<h3 data-start=\"3112\" data-end=\"3139\"><strong data-start=\"3116\" data-end=\"3139\">Controllo dei cookie<\/strong><\/h3>\n<p data-start=\"3141\" data-end=\"3282\">\u00c8 possibile disabilitare o gestire i cookie nelle impostazioni del browser. Tuttavia, ci\u00f2 potrebbe influire su alcune funzionalit\u00e0 del sito web.<\/p>\n<h3 data-start=\"3284\" data-end=\"3320\"><strong data-start=\"3288\" data-end=\"3320\">Collegamenti Google obbligatori<\/strong><\/h3>\n<p data-start=\"3322\" data-end=\"3377\">Per garantire la massima trasparenza in merito all&#039;utilizzo dei dati:<\/p>\n<ul data-start=\"3379\" data-end=\"3565\">\n<li data-start=\"3379\" data-end=\"3481\">\n<p data-start=\"3381\" data-end=\"3481\"><strong data-start=\"3381\" data-end=\"3422\">Come Google utilizza i dati dei partner:<\/strong><br data-start=\"3422\" data-end=\"3425\" \/><a class=\"decorated-link\" href=\"https:\/\/policies.google.com\/technologies\/partner-sites\" target=\"_new\" rel=\"noopener\" data-start=\"3427\" data-end=\"3481\">https:\/\/policies.google.com\/technologies\/partner-sites<\/a><\/p>\n<\/li>\n<li data-start=\"3483\" data-end=\"3565\">\n<p data-start=\"3485\" data-end=\"3565\"><strong data-start=\"3485\" data-end=\"3525\">Impostazioni annunci \/ Disattivazione:<\/strong><br data-start=\"3525\" data-end=\"3528\" \/><a class=\"decorated-link\" href=\"https:\/\/www.google.com\/settings\/ads\" target=\"_new\" rel=\"noopener\" data-start=\"3530\" data-end=\"3565\">https:\/\/www.google.com\/settings\/ads<\/a><\/p>\n<\/li>\n<\/ul>\n<hr data-start=\"3567\" data-end=\"3570\" \/>\n<h2 data-start=\"3572\" data-end=\"3606\"><strong data-start=\"3575\" data-end=\"3606\">5. Pubblicit\u00e0 di terze parti<\/strong><\/h2>\n<p data-start=\"3608\" data-end=\"3713\">I partner pubblicitari, tra cui Google, possono utilizzare cookie, web beacon e identificatori per:<\/p>\n<ul data-start=\"3715\" data-end=\"3884\">\n<li data-start=\"3715\" data-end=\"3749\">\n<p data-start=\"3717\" data-end=\"3749\">Mostra annunci personalizzati<\/p>\n<\/li>\n<li data-start=\"3750\" data-end=\"3786\">\n<p data-start=\"3752\" data-end=\"3786\">Misurazione delle prestazioni della campagna<\/p>\n<\/li>\n<li data-start=\"3787\" data-end=\"3884\">\n<p data-start=\"3789\" data-end=\"3884\">Raccolta di informazioni non identificabili personalmente, come interessi e posizione approssimativa.<\/p>\n<\/li>\n<\/ul>\n<p data-start=\"3886\" data-end=\"3977\">Questi dati vengono utilizzati in conformit\u00e0 con le politiche sulla privacy e i termini di servizio di ciascun partner.<\/p>\n<p data-start=\"3979\" data-end=\"4059\">Daily Blessing non ha accesso alle tecnologie utilizzate da terze parti, n\u00e9 le controlla.<\/p>\n<hr data-start=\"4061\" data-end=\"4064\" \/>\n<h2 data-start=\"4066\" data-end=\"4090\"><strong data-start=\"4069\" data-end=\"4090\">6. Collegamenti esterni<\/strong><\/h2>\n<p data-start=\"4092\" data-end=\"4195\">La rubrica &quot;La benedizione quotidiana&quot; potrebbe contenere link a siti web esterni ritenuti utili o pertinenti.<br data-start=\"4181\" data-end=\"4184\" \/>Ci\u00f2 nonostante:<\/p>\n<ul data-start=\"4197\" data-end=\"4363\">\n<li data-start=\"4197\" data-end=\"4265\">\n<p data-start=\"4199\" data-end=\"4265\">La presente Informativa sulla privacy non si applica ai siti web di terze parti.<\/p>\n<\/li>\n<li data-start=\"4266\" data-end=\"4363\">\n<p data-start=\"4268\" data-end=\"4363\">Non siamo responsabili per il contenuto, la sicurezza o le pratiche in materia di privacy dei siti web esterni.<\/p>\n<\/li>\n<\/ul>\n<p data-start=\"4365\" data-end=\"4444\">Raccomandiamo agli utenti di consultare le informative sulla privacy di questi siti web prima di accedervi.<\/p>\n<hr data-start=\"4446\" data-end=\"4449\" \/>\n<h2 data-start=\"4451\" data-end=\"4499\"><strong data-start=\"4454\" data-end=\"4499\">7. Diritti dell&#039;interessato (LGPD)<\/strong><\/h2>\n<p data-start=\"4501\" data-end=\"4548\">Ai sensi della LGPD (Legge generale brasiliana sulla protezione dei dati), hai il diritto di:<\/p>\n<ul data-start=\"4550\" data-end=\"4941\">\n<li data-start=\"4550\" data-end=\"4599\">\n<p data-start=\"4552\" data-end=\"4599\">Confermare l&#039;esistenza del trattamento dei dati.<\/p>\n<\/li>\n<li data-start=\"4600\" data-end=\"4631\">\n<p data-start=\"4602\" data-end=\"4631\">Accedi ai tuoi dati personali<\/p>\n<\/li>\n<li data-start=\"4632\" data-end=\"4690\">\n<p data-start=\"4634\" data-end=\"4690\">Correggere i dati incompleti, inesatti o obsoleti.<\/p>\n<\/li>\n<li data-start=\"4691\" data-end=\"4765\">\n<p data-start=\"4693\" data-end=\"4765\">Richiedi l&#039;anonimizzazione, il blocco o la cancellazione dei dati non necessari.<\/p>\n<\/li>\n<li data-start=\"4766\" data-end=\"4805\">\n<p data-start=\"4768\" data-end=\"4805\">Richiesta di portabilit\u00e0 dei dati.<\/p>\n<\/li>\n<li data-start=\"4806\" data-end=\"4854\">\n<p data-start=\"4808\" data-end=\"4854\">Puoi revocare il tuo consenso in qualsiasi momento.<\/p>\n<\/li>\n<li data-start=\"4855\" data-end=\"4941\">\n<p data-start=\"4857\" data-end=\"4941\">Opporsi al trattamento dei dati per finalit\u00e0 di marketing o di pubblicit\u00e0 personalizzata.<\/p>\n<\/li>\n<\/ul>\n<p data-start=\"4943\" data-end=\"5020\">Per esercitare i vostri diritti, vi preghiamo di contattarci tramite il canale ufficiale indicato di seguito.<\/p>\n<hr data-start=\"5022\" data-end=\"5025\" \/>\n<h2 data-start=\"5027\" data-end=\"5067\"><strong data-start=\"5030\" data-end=\"5067\">8. Canale di contatto\u00a0<\/strong><\/h2>\n<p data-start=\"5069\" data-end=\"5174\">Se avete domande, richieste o dubbi in merito alla presente Informativa sulla privacy, vi preghiamo di contattarci:<\/p>\n<p data-start=\"5176\" data-end=\"5209\">\ud83d\udce7 <strong data-start=\"5179\" data-end=\"5190\">E-mail:<\/strong> <a class=\"decorated-link cursor-pointer\" rel=\"noopener\" data-start=\"5191\" data-end=\"5209\">gino@matterads.com<\/a><\/p>\n<p data-start=\"5211\" data-end=\"5305\">Risponderemo il pi\u00f9 rapidamente possibile, entro i termini previsti dalla normativa vigente.<\/p>\n<hr data-start=\"5307\" data-end=\"5310\" \/>\n<h2 data-start=\"5312\" data-end=\"5359\"><strong data-start=\"5315\" data-end=\"5359\">9. Modifiche all&#039;Informativa sulla privacy<\/strong><\/h2>\n<p data-start=\"5361\" data-end=\"5501\">Daily Blessing si riserva il diritto di modificare la presente Informativa sulla privacy in qualsiasi momento. La versione pi\u00f9 recente sar\u00e0 sempre disponibile su questa pagina.<\/p>\n<p data-start=\"5503\" data-end=\"5597\">L&#039;utilizzo continuato del sito dopo le modifiche sar\u00e0 considerato come accettazione della politica aggiornata.<\/p>\n<hr data-start=\"5599\" data-end=\"5602\" \/>\n<h2 data-start=\"5604\" data-end=\"5640\"><strong data-start=\"5607\" data-end=\"5640\">10. Dati dell&#039;operatore del sito web<\/strong><\/h2>\n<p data-start=\"5642\" data-end=\"5666\">Questo sito web \u00e8 gestito da:<\/p>\n<p data-start=\"5668\" data-end=\"5739\"><strong data-start=\"5668\" data-end=\"5710\">G MATTUCCI ONLINE ENTERPRISES LTDA<\/strong><br data-start=\"5710\" data-end=\"5713\" \/>CNPJ: 33.750.272\/0001-68<\/p>","protected":false},"excerpt":{"rendered":"<p>1. Compromisso com a Privacidade A prote\u00e7\u00e3o da sua privacidade \u00e9 prioridade para o Ben\u00e7\u00e3o Di\u00e1ria. Todas as informa\u00e7\u00f5es pessoais fornecidas por&#8230;<\/p>","protected":false},"author":1,"featured_media":0,"parent":0,"menu_order":0,"comment_status":"closed","ping_status":"closed","template":"","meta":{"ghostkit_customizer_options":"","ghostkit_custom_css":"","ghostkit_custom_js_head":"","ghostkit_custom_js_foot":"","ghostkit_typography":"","footnotes":""},"class_list":["post-620","page","type-page","status-publish","hentry","entry"],"yoast_head":"<!-- This site is optimized with the Yoast SEO plugin v27.4 - https:\/\/yoast.com\/product\/yoast-seo-wordpress\/ -->\n<title>Pol\u00edtica de Privacidade - Ben\u00e7\u00e3o Di\u00e1ria<\/title>\n<meta name=\"robots\" content=\"index, follow, max-snippet:-1, max-image-preview:large, max-video-preview:-1\" \/>\n<link rel=\"canonical\" href=\"https:\/\/bencaodiaria.club\/it\/politicaprivacidade\/\" \/>\n<meta property=\"og:locale\" content=\"it_IT\" \/>\n<meta property=\"og:type\" content=\"article\" \/>\n<meta property=\"og:title\" content=\"Pol\u00edtica de Privacidade - Ben\u00e7\u00e3o Di\u00e1ria\" \/>\n<meta property=\"og:description\" content=\"1. Compromisso com a Privacidade A prote\u00e7\u00e3o da sua privacidade \u00e9 prioridade para o Ben\u00e7\u00e3o Di\u00e1ria. Todas as informa\u00e7\u00f5es pessoais fornecidas por...\" \/>\n<meta property=\"og:url\" content=\"https:\/\/bencaodiaria.club\/it\/politicaprivacidade\/\" \/>\n<meta property=\"og:site_name\" content=\"Ben\u00e7\u00e3o Di\u00e1ria\" \/>\n<meta property=\"article:modified_time\" content=\"2025-12-10T17:42:37+00:00\" \/>\n<meta name=\"twitter:card\" content=\"summary_large_image\" \/>\n<meta name=\"twitter:label1\" content=\"Tempo di lettura stimato\" \/>\n\t<meta name=\"twitter:data1\" content=\"4 minuti\" \/>\n<script type=\"application\/ld+json\" class=\"yoast-schema-graph\">{\"@context\":\"https:\\\/\\\/schema.org\",\"@graph\":[{\"@type\":\"WebPage\",\"@id\":\"https:\\\/\\\/bencaodiaria.club\\\/politicaprivacidade\\\/\",\"url\":\"https:\\\/\\\/bencaodiaria.club\\\/politicaprivacidade\\\/\",\"name\":\"Pol\u00edtica de Privacidade - Ben\u00e7\u00e3o Di\u00e1ria\",\"isPartOf\":{\"@id\":\"https:\\\/\\\/bencaodiaria.club\\\/#website\"},\"datePublished\":\"2018-06-23T20:48:05+00:00\",\"dateModified\":\"2025-12-10T17:42:37+00:00\",\"breadcrumb\":{\"@id\":\"https:\\\/\\\/bencaodiaria.club\\\/politicaprivacidade\\\/#breadcrumb\"},\"inLanguage\":\"it-IT\",\"potentialAction\":[{\"@type\":\"ReadAction\",\"target\":[\"https:\\\/\\\/bencaodiaria.club\\\/politicaprivacidade\\\/\"]}]},{\"@type\":\"BreadcrumbList\",\"@id\":\"https:\\\/\\\/bencaodiaria.club\\\/politicaprivacidade\\\/#breadcrumb\",\"itemListElement\":[{\"@type\":\"ListItem\",\"position\":1,\"name\":\"Home\",\"item\":\"https:\\\/\\\/bencaodiaria.club\\\/\"},{\"@type\":\"ListItem\",\"position\":2,\"name\":\"Pol\u00edtica de Privacidade\"}]},{\"@type\":\"WebSite\",\"@id\":\"https:\\\/\\\/bencaodiaria.club\\\/#website\",\"url\":\"https:\\\/\\\/bencaodiaria.club\\\/\",\"name\":\"Ben\u00e7\u00e3o Di\u00e1ria\",\"description\":\"A Palavra de Deus todos os dias\",\"publisher\":{\"@id\":\"https:\\\/\\\/bencaodiaria.club\\\/#organization\"},\"potentialAction\":[{\"@type\":\"SearchAction\",\"target\":{\"@type\":\"EntryPoint\",\"urlTemplate\":\"https:\\\/\\\/bencaodiaria.club\\\/?s={search_term_string}\"},\"query-input\":{\"@type\":\"PropertyValueSpecification\",\"valueRequired\":true,\"valueName\":\"search_term_string\"}}],\"inLanguage\":\"it-IT\"},{\"@type\":\"Organization\",\"@id\":\"https:\\\/\\\/bencaodiaria.club\\\/#organization\",\"name\":\"Ben\u00e7\u00e3o Di\u00e1ria\",\"url\":\"https:\\\/\\\/bencaodiaria.club\\\/\",\"logo\":{\"@type\":\"ImageObject\",\"inLanguage\":\"it-IT\",\"@id\":\"https:\\\/\\\/bencaodiaria.club\\\/#\\\/schema\\\/logo\\\/image\\\/\",\"url\":\"https:\\\/\\\/bencaodiaria.club\\\/wp-content\\\/uploads\\\/2020\\\/06\\\/LOGO-MOBILE.png\",\"contentUrl\":\"https:\\\/\\\/bencaodiaria.club\\\/wp-content\\\/uploads\\\/2020\\\/06\\\/LOGO-MOBILE.png\",\"width\":100,\"height\":40,\"caption\":\"Ben\u00e7\u00e3o Di\u00e1ria\"},\"image\":{\"@id\":\"https:\\\/\\\/bencaodiaria.club\\\/#\\\/schema\\\/logo\\\/image\\\/\"}}]}<\/script>\n<!-- \/ Yoast SEO plugin. -->","yoast_head_json":{"title":"Pol\u00edtica de Privacidade - Ben\u00e7\u00e3o Di\u00e1ria","robots":{"index":"index","follow":"follow","max-snippet":"max-snippet:-1","max-image-preview":"max-image-preview:large","max-video-preview":"max-video-preview:-1"},"canonical":"https:\/\/bencaodiaria.club\/it\/politicaprivacidade\/","og_locale":"it_IT","og_type":"article","og_title":"Pol\u00edtica de Privacidade - Ben\u00e7\u00e3o Di\u00e1ria","og_description":"1. Compromisso com a Privacidade A prote\u00e7\u00e3o da sua privacidade \u00e9 prioridade para o Ben\u00e7\u00e3o Di\u00e1ria. Todas as informa\u00e7\u00f5es pessoais fornecidas por...","og_url":"https:\/\/bencaodiaria.club\/it\/politicaprivacidade\/","og_site_name":"Ben\u00e7\u00e3o Di\u00e1ria","article_modified_time":"2025-12-10T17:42:37+00:00","twitter_card":"summary_large_image","twitter_misc":{"Tempo di lettura stimato":"4 minuti"},"schema":{"@context":"https:\/\/schema.org","@graph":[{"@type":"WebPage","@id":"https:\/\/bencaodiaria.club\/politicaprivacidade\/","url":"https:\/\/bencaodiaria.club\/politicaprivacidade\/","name":"Pol\u00edtica de Privacidade - Ben\u00e7\u00e3o Di\u00e1ria","isPartOf":{"@id":"https:\/\/bencaodiaria.club\/#website"},"datePublished":"2018-06-23T20:48:05+00:00","dateModified":"2025-12-10T17:42:37+00:00","breadcrumb":{"@id":"https:\/\/bencaodiaria.club\/politicaprivacidade\/#breadcrumb"},"inLanguage":"it-IT","potentialAction":[{"@type":"ReadAction","target":["https:\/\/bencaodiaria.club\/politicaprivacidade\/"]}]},{"@type":"BreadcrumbList","@id":"https:\/\/bencaodiaria.club\/politicaprivacidade\/#breadcrumb","itemListElement":[{"@type":"ListItem","position":1,"name":"Home","item":"https:\/\/bencaodiaria.club\/"},{"@type":"ListItem","position":2,"name":"Pol\u00edtica de Privacidade"}]},{"@type":"WebSite","@id":"https:\/\/bencaodiaria.club\/#website","url":"https:\/\/bencaodiaria.club\/","name":"Benedizione quotidiana","description":"La Parola di Dio ogni giorno","publisher":{"@id":"https:\/\/bencaodiaria.club\/#organization"},"potentialAction":[{"@type":"SearchAction","target":{"@type":"EntryPoint","urlTemplate":"https:\/\/bencaodiaria.club\/?s={search_term_string}"},"query-input":{"@type":"PropertyValueSpecification","valueRequired":true,"valueName":"search_term_string"}}],"inLanguage":"it-IT"},{"@type":"Organization","@id":"https:\/\/bencaodiaria.club\/#organization","name":"Benedizione quotidiana","url":"https:\/\/bencaodiaria.club\/","logo":{"@type":"ImageObject","inLanguage":"it-IT","@id":"https:\/\/bencaodiaria.club\/#\/schema\/logo\/image\/","url":"https:\/\/bencaodiaria.club\/wp-content\/uploads\/2020\/06\/LOGO-MOBILE.png","contentUrl":"https:\/\/bencaodiaria.club\/wp-content\/uploads\/2020\/06\/LOGO-MOBILE.png","width":100,"height":40,"caption":"Ben\u00e7\u00e3o Di\u00e1ria"},"image":{"@id":"https:\/\/bencaodiaria.club\/#\/schema\/logo\/image\/"}}]}},"brizy_media":[],"_links":{"self":[{"href":"https:\/\/bencaodiaria.club\/it\/wp-json\/wp\/v2\/pages\/620","targetHints":{"allow":["GET"]}}],"collection":[{"href":"https:\/\/bencaodiaria.club\/it\/wp-json\/wp\/v2\/pages"}],"about":[{"href":"https:\/\/bencaodiaria.club\/it\/wp-json\/wp\/v2\/types\/page"}],"author":[{"embeddable":true,"href":"https:\/\/bencaodiaria.club\/it\/wp-json\/wp\/v2\/users\/1"}],"replies":[{"embeddable":true,"href":"https:\/\/bencaodiaria.club\/it\/wp-json\/wp\/v2\/comments?post=620"}],"version-history":[{"count":4,"href":"https:\/\/bencaodiaria.club\/it\/wp-json\/wp\/v2\/pages\/620\/revisions"}],"predecessor-version":[{"id":18233,"href":"https:\/\/bencaodiaria.club\/it\/wp-json\/wp\/v2\/pages\/620\/revisions\/18233"}],"wp:attachment":[{"href":"https:\/\/bencaodiaria.club\/it\/wp-json\/wp\/v2\/media?parent=620"}],"curies":[{"name":"wp","href":"https:\/\/api.w.org\/{rel}","templated":true}]}}