{"id":12724,"date":"2024-01-05T16:45:25","date_gmt":"2024-01-05T19:45:25","guid":{"rendered":"https:\/\/bencaodiaria.club\/?page_id=12724"},"modified":"2026-03-04T11:09:40","modified_gmt":"2026-03-04T14:09:40","slug":"sobre-nos","status":"publish","type":"page","link":"https:\/\/bencaodiaria.club\/it\/sobre-nos\/","title":{"rendered":"Chi siamo"},"content":{"rendered":"<h4>Benvenuti a Daily Blessing<\/h4>\n<p><strong>Missione:<\/strong> Noi di Daily Blessing crediamo nel potere trasformativo del Vangelo. La nostra missione \u00e8 portare i messaggi di ispirazione e speranza della Sacra Bibbia a tutte le persone, indipendentemente dal loro credo religioso o dalla loro appartenenza a una chiesa. Ci dedichiamo anche a parlare di siti di e-commerce come Shein.<\/p>\n<p><strong>Visione:<\/strong> Immaginiamo un mondo in cui il Vangelo sia accessibile a tutti, offrendo conforto, guida e ispirazione nella vita quotidiana. Il nostro obiettivo \u00e8 essere una fonte affidabile e inclusiva per tutti coloro che cercano saggezza e guida spirituale.<\/p>\n<h4>Chi siamo<\/h4>\n<p>Siamo un team affiatato di persone con background ed esperienze diverse, unite dal comune desiderio di condividere il messaggio del Vangelo. Il nostro team comprende studiosi della Bibbia, scrittori, designer e sviluppatori web, che collaborano per creare contenuti pertinenti, accessibili e stimolanti.<\/p>\n<h4>Il nostro approccio<\/h4>\n<ul>\n<li><strong>Inclusivit\u00e0:<\/strong> Crediamo che i messaggi del Vangelo siano per tutti, ed \u00e8 per questo che ci impegniamo a presentare contenuti che rispettino la diversit\u00e0 di credenze e culture.<\/li>\n<li><strong>Innovazione:<\/strong> Utilizziamo la tecnologia e la creativit\u00e0 per rendere l&#039;insegnamento del Vangelo attraente e accessibile nel mondo digitale.<\/li>\n<li><strong>Integrit\u00e0:<\/strong> Ci impegniamo per l&#039;accuratezza e la fedelt\u00e0 alle Scritture, garantendo che i nostri contenuti siano affidabili e autentici.<\/li>\n<\/ul>\n<h4>La nostra storia<\/h4>\n<p>Fondata nel 2019 dalla Triforce Foundation, Daily Blessing \u00e8 nata come un piccolo progetto con un grande sogno: connettere le persone di tutto il mondo con la saggezza del Vangelo. Oggi, con oltre 100.000 follower sui social media e oltre 1 milione di visite da tutto il mondo, ci siamo evoluti in una piattaforma globale, raggiungendo ogni giorno migliaia di persone con messaggi di fede, speranza e amore.<\/p>\n<p>Grazie per aver visitato Daily Blessing, e speriamo che i nostri messaggi portino luce e ispirazione alla vostra giornata.<\/p>","protected":false},"excerpt":{"rendered":"<p>Benvenuti a Daily Blessing Mission: Noi di Daily Blessing crediamo nel potere trasformativo del Vangelo. La nostra missione \u00e8 condividere messaggi di ispirazione e\u2026<\/p>","protected":false},"author":4,"featured_media":0,"parent":0,"menu_order":0,"comment_status":"closed","ping_status":"closed","template":"","meta":{"ghostkit_customizer_options":"","ghostkit_custom_css":"","ghostkit_custom_js_head":"","ghostkit_custom_js_foot":"","ghostkit_typography":"","footnotes":""},"class_list":["post-12724","page","type-page","status-publish","hentry","entry"],"yoast_head":"<!-- This site is optimized with the Yoast SEO plugin v27.4 - https:\/\/yoast.com\/product\/yoast-seo-wordpress\/ -->\n<title>Sobre N\u00f3s - Ben\u00e7\u00e3o Di\u00e1ria<\/title>\n<meta name=\"robots\" content=\"index, follow, max-snippet:-1, max-image-preview:large, max-video-preview:-1\" \/>\n<link rel=\"canonical\" href=\"https:\/\/bencaodiaria.club\/it\/sobre-nos\/\" \/>\n<meta property=\"og:locale\" content=\"it_IT\" \/>\n<meta property=\"og:type\" content=\"article\" \/>\n<meta property=\"og:title\" content=\"Sobre N\u00f3s - Ben\u00e7\u00e3o Di\u00e1ria\" \/>\n<meta property=\"og:description\" content=\"Bem-vindo ao Ben\u00e7\u00e3o Di\u00e1ria Miss\u00e3o: No Ben\u00e7\u00e3o Di\u00e1ria, acreditamos no poder transformador do Evangelho. Nossa miss\u00e3o \u00e9 levar as mensagens inspiradoras e...\" \/>\n<meta property=\"og:url\" content=\"https:\/\/bencaodiaria.club\/it\/sobre-nos\/\" \/>\n<meta property=\"og:site_name\" content=\"Ben\u00e7\u00e3o Di\u00e1ria\" \/>\n<meta property=\"article:modified_time\" content=\"2026-03-04T14:09:40+00:00\" \/>\n<meta name=\"twitter:card\" content=\"summary_large_image\" \/>\n<meta name=\"twitter:label1\" content=\"Tempo di lettura stimato\" \/>\n\t<meta name=\"twitter:data1\" content=\"2 minuti\" \/>\n<script type=\"application\/ld+json\" class=\"yoast-schema-graph\">{\"@context\":\"https:\\\/\\\/schema.org\",\"@graph\":[{\"@type\":\"WebPage\",\"@id\":\"https:\\\/\\\/bencaodiaria.club\\\/sobre-nos\\\/\",\"url\":\"https:\\\/\\\/bencaodiaria.club\\\/sobre-nos\\\/\",\"name\":\"Sobre N\u00f3s - Ben\u00e7\u00e3o Di\u00e1ria\",\"isPartOf\":{\"@id\":\"https:\\\/\\\/bencaodiaria.club\\\/#website\"},\"datePublished\":\"2024-01-05T19:45:25+00:00\",\"dateModified\":\"2026-03-04T14:09:40+00:00\",\"breadcrumb\":{\"@id\":\"https:\\\/\\\/bencaodiaria.club\\\/sobre-nos\\\/#breadcrumb\"},\"inLanguage\":\"it-IT\",\"potentialAction\":[{\"@type\":\"ReadAction\",\"target\":[\"https:\\\/\\\/bencaodiaria.club\\\/sobre-nos\\\/\"]}]},{\"@type\":\"BreadcrumbList\",\"@id\":\"https:\\\/\\\/bencaodiaria.club\\\/sobre-nos\\\/#breadcrumb\",\"itemListElement\":[{\"@type\":\"ListItem\",\"position\":1,\"name\":\"Home\",\"item\":\"https:\\\/\\\/bencaodiaria.club\\\/\"},{\"@type\":\"ListItem\",\"position\":2,\"name\":\"Sobre N\u00f3s\"}]},{\"@type\":\"WebSite\",\"@id\":\"https:\\\/\\\/bencaodiaria.club\\\/#website\",\"url\":\"https:\\\/\\\/bencaodiaria.club\\\/\",\"name\":\"Ben\u00e7\u00e3o Di\u00e1ria\",\"description\":\"A Palavra de Deus todos os dias\",\"publisher\":{\"@id\":\"https:\\\/\\\/bencaodiaria.club\\\/#organization\"},\"potentialAction\":[{\"@type\":\"SearchAction\",\"target\":{\"@type\":\"EntryPoint\",\"urlTemplate\":\"https:\\\/\\\/bencaodiaria.club\\\/?s={search_term_string}\"},\"query-input\":{\"@type\":\"PropertyValueSpecification\",\"valueRequired\":true,\"valueName\":\"search_term_string\"}}],\"inLanguage\":\"it-IT\"},{\"@type\":\"Organization\",\"@id\":\"https:\\\/\\\/bencaodiaria.club\\\/#organization\",\"name\":\"Ben\u00e7\u00e3o Di\u00e1ria\",\"url\":\"https:\\\/\\\/bencaodiaria.club\\\/\",\"logo\":{\"@type\":\"ImageObject\",\"inLanguage\":\"it-IT\",\"@id\":\"https:\\\/\\\/bencaodiaria.club\\\/#\\\/schema\\\/logo\\\/image\\\/\",\"url\":\"https:\\\/\\\/bencaodiaria.club\\\/wp-content\\\/uploads\\\/2020\\\/06\\\/LOGO-MOBILE.png\",\"contentUrl\":\"https:\\\/\\\/bencaodiaria.club\\\/wp-content\\\/uploads\\\/2020\\\/06\\\/LOGO-MOBILE.png\",\"width\":100,\"height\":40,\"caption\":\"Ben\u00e7\u00e3o Di\u00e1ria\"},\"image\":{\"@id\":\"https:\\\/\\\/bencaodiaria.club\\\/#\\\/schema\\\/logo\\\/image\\\/\"}}]}<\/script>\n<!-- \/ Yoast SEO plugin. -->","yoast_head_json":{"title":"Chi siamo - Benedizione quotidiana","robots":{"index":"index","follow":"follow","max-snippet":"max-snippet:-1","max-image-preview":"max-image-preview:large","max-video-preview":"max-video-preview:-1"},"canonical":"https:\/\/bencaodiaria.club\/it\/sobre-nos\/","og_locale":"it_IT","og_type":"article","og_title":"Sobre N\u00f3s - Ben\u00e7\u00e3o Di\u00e1ria","og_description":"Bem-vindo ao Ben\u00e7\u00e3o Di\u00e1ria Miss\u00e3o: No Ben\u00e7\u00e3o Di\u00e1ria, acreditamos no poder transformador do Evangelho. Nossa miss\u00e3o \u00e9 levar as mensagens inspiradoras e...","og_url":"https:\/\/bencaodiaria.club\/it\/sobre-nos\/","og_site_name":"Ben\u00e7\u00e3o Di\u00e1ria","article_modified_time":"2026-03-04T14:09:40+00:00","twitter_card":"summary_large_image","twitter_misc":{"Tempo di lettura stimato":"2 minuti"},"schema":{"@context":"https:\/\/schema.org","@graph":[{"@type":"WebPage","@id":"https:\/\/bencaodiaria.club\/sobre-nos\/","url":"https:\/\/bencaodiaria.club\/sobre-nos\/","name":"Chi siamo - Benedizione quotidiana","isPartOf":{"@id":"https:\/\/bencaodiaria.club\/#website"},"datePublished":"2024-01-05T19:45:25+00:00","dateModified":"2026-03-04T14:09:40+00:00","breadcrumb":{"@id":"https:\/\/bencaodiaria.club\/sobre-nos\/#breadcrumb"},"inLanguage":"it-IT","potentialAction":[{"@type":"ReadAction","target":["https:\/\/bencaodiaria.club\/sobre-nos\/"]}]},{"@type":"BreadcrumbList","@id":"https:\/\/bencaodiaria.club\/sobre-nos\/#breadcrumb","itemListElement":[{"@type":"ListItem","position":1,"name":"Home","item":"https:\/\/bencaodiaria.club\/"},{"@type":"ListItem","position":2,"name":"Sobre N\u00f3s"}]},{"@type":"WebSite","@id":"https:\/\/bencaodiaria.club\/#website","url":"https:\/\/bencaodiaria.club\/","name":"Benedizione quotidiana","description":"La Parola di Dio ogni giorno","publisher":{"@id":"https:\/\/bencaodiaria.club\/#organization"},"potentialAction":[{"@type":"SearchAction","target":{"@type":"EntryPoint","urlTemplate":"https:\/\/bencaodiaria.club\/?s={search_term_string}"},"query-input":{"@type":"PropertyValueSpecification","valueRequired":true,"valueName":"search_term_string"}}],"inLanguage":"it-IT"},{"@type":"Organization","@id":"https:\/\/bencaodiaria.club\/#organization","name":"Benedizione quotidiana","url":"https:\/\/bencaodiaria.club\/","logo":{"@type":"ImageObject","inLanguage":"it-IT","@id":"https:\/\/bencaodiaria.club\/#\/schema\/logo\/image\/","url":"https:\/\/bencaodiaria.club\/wp-content\/uploads\/2020\/06\/LOGO-MOBILE.png","contentUrl":"https:\/\/bencaodiaria.club\/wp-content\/uploads\/2020\/06\/LOGO-MOBILE.png","width":100,"height":40,"caption":"Ben\u00e7\u00e3o Di\u00e1ria"},"image":{"@id":"https:\/\/bencaodiaria.club\/#\/schema\/logo\/image\/"}}]}},"brizy_media":[],"_links":{"self":[{"href":"https:\/\/bencaodiaria.club\/it\/wp-json\/wp\/v2\/pages\/12724","targetHints":{"allow":["GET"]}}],"collection":[{"href":"https:\/\/bencaodiaria.club\/it\/wp-json\/wp\/v2\/pages"}],"about":[{"href":"https:\/\/bencaodiaria.club\/it\/wp-json\/wp\/v2\/types\/page"}],"author":[{"embeddable":true,"href":"https:\/\/bencaodiaria.club\/it\/wp-json\/wp\/v2\/users\/4"}],"replies":[{"embeddable":true,"href":"https:\/\/bencaodiaria.club\/it\/wp-json\/wp\/v2\/comments?post=12724"}],"version-history":[{"count":3,"href":"https:\/\/bencaodiaria.club\/it\/wp-json\/wp\/v2\/pages\/12724\/revisions"}],"predecessor-version":[{"id":19036,"href":"https:\/\/bencaodiaria.club\/it\/wp-json\/wp\/v2\/pages\/12724\/revisions\/19036"}],"wp:attachment":[{"href":"https:\/\/bencaodiaria.club\/it\/wp-json\/wp\/v2\/media?parent=12724"}],"curies":[{"name":"wp","href":"https:\/\/api.w.org\/{rel}","templated":true}]}}