{"id":7892,"date":"2021-08-31T22:36:35","date_gmt":"2021-09-01T01:36:35","guid":{"rendered":"https:\/\/bencaodiaria.club\/?page_id=7892"},"modified":"2026-01-12T17:23:38","modified_gmt":"2026-01-12T20:23:38","slug":"termos-de-uso","status":"publish","type":"page","link":"https:\/\/bencaodiaria.club\/es\/termos-de-uso\/","title":{"rendered":"Terminos de uso"},"content":{"rendered":"<h2 data-start=\"218\" data-end=\"232\">1. T\u00e9rminos<\/h2>\n<p data-start=\"233\" data-end=\"698\">Al acceder al sitio web de Bencaodiaria, usted acepta cumplir con estos T\u00e9rminos de Uso, as\u00ed como con todas las leyes y regulaciones aplicables, y declara que es responsable del cumplimiento de la legislaci\u00f3n vigente en su jurisdicci\u00f3n. Si no est\u00e1 de acuerdo con alguna de las condiciones aqu\u00ed descritas, tiene prohibido usar o acceder a este sitio web. El contenido disponible en este sitio web est\u00e1 protegido por las leyes de propiedad intelectual, incluidos los derechos de autor y las marcas registradas.<\/p>\n<h2 data-start=\"700\" data-end=\"722\">2. Uso de licencia<\/h2>\n<p data-start=\"723\" data-end=\"1016\">Se concede permiso para descargar temporalmente una copia de los materiales (informaci\u00f3n o recursos digitales) del sitio web de Bencaodiaria, exclusivamente para uso personal, temporal y no comercial. Esta licencia no implica una transferencia de propiedad y, bajo esta autorizaci\u00f3n, usted no podr\u00e1:<\/p>\n<ul data-start=\"1018\" data-end=\"1405\">\n<li data-start=\"1018\" data-end=\"1055\">\n<p data-start=\"1020\" data-end=\"1055\">modificar o copiar los materiales;<\/p>\n<\/li>\n<li data-start=\"1056\" data-end=\"1155\">\n<p data-start=\"1058\" data-end=\"1155\">utilizar los materiales con fines comerciales o para su exhibici\u00f3n p\u00fablica (comercial o no comercial);<\/p>\n<\/li>\n<li data-start=\"1156\" data-end=\"1250\">\n<p data-start=\"1158\" data-end=\"1250\">Intentar descompilar o aplicar ingenier\u00eda inversa a cualquier software o recurso del sitio web;<\/p>\n<\/li>\n<li data-start=\"1251\" data-end=\"1323\">\n<p data-start=\"1253\" data-end=\"1323\">Elimine los avisos de derechos de autor o de propiedad intelectual de los materiales;<\/p>\n<\/li>\n<li data-start=\"1324\" data-end=\"1405\">\n<p data-start=\"1326\" data-end=\"1405\">Queda prohibida la transferencia de los materiales a terceros o su reproducci\u00f3n en otros servidores.<\/p>\n<\/li>\n<\/ul>\n<p data-start=\"1407\" data-end=\"1683\">Esta licencia quedar\u00e1 autom\u00e1ticamente sin efecto si se infringe alguna de estas restricciones, y Bencaodiaria podr\u00e1 rescindirla en cualquier momento. Tras la expiraci\u00f3n de la licencia, el usuario deber\u00e1 eliminar todo el material descargado, ya sea en formato electr\u00f3nico o impreso.<\/p>\n<h2 data-start=\"1685\" data-end=\"1720\">3. Exenci\u00f3n de responsabilidad<\/h2>\n<p data-start=\"1721\" data-end=\"2047\">El contenido disponible en el sitio web de Bencaodiaria se proporciona &quot;tal cual&quot;. El sitio web no ofrece garant\u00edas expresas ni impl\u00edcitas de ning\u00fan tipo, incluidas, entre otras: garant\u00edas de idoneidad para un prop\u00f3sito particular, comerciabilidad o ausencia de infracci\u00f3n de propiedad intelectual.<\/p>\n<p data-start=\"2049\" data-end=\"2242\">Bencaodiaria tampoco garantiza la exactitud, fiabilidad o resultados derivados del uso de los materiales proporcionados, ni se responsabiliza del contenido de los sitios web externos enlazados.<\/p>\n<h2 data-start=\"2244\" data-end=\"2282\">4. Limitaciones de responsabilidad<\/h2>\n<p data-start=\"2283\" data-end=\"2615\">Bajo ninguna circunstancia Bencaodiaria ni sus representantes ser\u00e1n responsables de ning\u00fan da\u00f1o (incluida la p\u00e9rdida de datos, beneficios o interrupci\u00f3n del negocio) que surja del uso o la imposibilidad de usar los materiales del sitio web, incluso si se ha dado aviso previo de la posibilidad de tales da\u00f1os.<\/p>\n<p data-start=\"2617\" data-end=\"2760\">Dado que algunas jurisdicciones no permiten la limitaci\u00f3n de responsabilidad, es posible que estas disposiciones no se apliquen en su totalidad a todos los usuarios.<\/p>\n<h2 data-start=\"2762\" data-end=\"2794\">5. Exactitud de la informaci\u00f3n<\/h2>\n<p data-start=\"2795\" data-end=\"3102\">El material disponible en este sitio web puede contener errores t\u00e9cnicos, tipogr\u00e1ficos o fotogr\u00e1ficos. Bencaodiaria no garantiza que el contenido sea exacto, completo ni est\u00e9 actualizado. Se pueden realizar cambios en cualquier momento sin previo aviso, aunque no existe compromiso de actualizaciones continuas.<\/p>\n<h2 data-start=\"3104\" data-end=\"3130\">6. Conducta del usuario<\/h2>\n<p data-start=\"3131\" data-end=\"3174\">Al utilizar este sitio, usted acepta:<\/p>\n<ul data-start=\"3175\" data-end=\"3419\">\n<li data-start=\"3175\" data-end=\"3239\">\n<p data-start=\"3177\" data-end=\"3239\">respetar el prop\u00f3sito religioso y espiritual de la plataforma;<\/p>\n<\/li>\n<li data-start=\"3240\" data-end=\"3353\">\n<p data-start=\"3242\" data-end=\"3353\">No utilice este sitio para difundir discursos de odio, intolerancia religiosa, contenido ofensivo o ilegal;<\/p>\n<\/li>\n<li data-start=\"3354\" data-end=\"3419\">\n<p data-start=\"3356\" data-end=\"3419\">No intente comprometer la seguridad ni la funcionalidad del sitio.<\/p>\n<\/li>\n<\/ul>\n<p data-start=\"3421\" data-end=\"3494\">Cualquier infracci\u00f3n puede conllevar la suspensi\u00f3n o cancelaci\u00f3n del acceso.<\/p>\n<h2 data-start=\"3496\" data-end=\"3518\">7. Enlaces externos<\/h2>\n<p data-start=\"3519\" data-end=\"3807\">Bencaodiaria no se responsabiliza del contenido de los sitios web de terceros a los que se acceda mediante enlaces disponibles en sus p\u00e1ginas. La inclusi\u00f3n de enlaces no implica la aprobaci\u00f3n ni el respaldo del contenido presentado en ellos. El acceso a sitios web externos es responsabilidad exclusiva del usuario.<\/p>\n<h2 data-start=\"3809\" data-end=\"3840\">8. Propiedad intelectual<\/h2>\n<p data-start=\"3841\" data-end=\"4084\">Todo el contenido, texto, im\u00e1genes, logotipos, marcas registradas y recursos disponibles en el sitio web son propiedad de bencaodiaria o est\u00e1n licenciados para su uso, y cualquier reproducci\u00f3n, distribuci\u00f3n o uso sin autorizaci\u00f3n expresa est\u00e1 prohibido.<\/p>\n<h2 data-start=\"4086\" data-end=\"4117\">9. Modificaciones a los T\u00e9rminos<\/h2>\n<p data-start=\"4118\" data-end=\"4302\">Bencaodiaria podr\u00e1 modificar estas Condiciones de Uso en cualquier momento sin previo aviso. Al utilizar este sitio web, usted acepta regirse por la versi\u00f3n vigente en el momento del acceso.<\/p>\n<h2 data-start=\"4304\" data-end=\"4326\">10. Ley aplicable<\/h2>\n<p data-start=\"4327\" data-end=\"4540\">Estos T\u00e9rminos de Uso se regir\u00e1n e interpretar\u00e1n de conformidad con las leyes de la Rep\u00fablica Federativa de Brasil. Cualquier controversia que surja de estos t\u00e9rminos se someter\u00e1 a la jurisdicci\u00f3n exclusiva de los tribunales brasile\u00f1os.<\/p>\n<h2 data-start=\"530\" data-end=\"577\">11. Derechos de cancelaci\u00f3n y privacidad<\/h2>\n<p data-start=\"579\" data-end=\"739\">Si usted reside en Brasil, puede ejercer sus derechos conforme a la Ley General de Protecci\u00f3n de Datos (Ley N\u00b0 13.709\/2018 \u2013 LGPD), incluyendo el derecho a:<\/p>\n<ul data-start=\"741\" data-end=\"1077\">\n<li data-start=\"741\" data-end=\"791\">\n<p data-start=\"743\" data-end=\"791\">revocar el consentimiento otorgado previamente;<\/p>\n<\/li>\n<li data-start=\"792\" data-end=\"876\">\n<p data-start=\"794\" data-end=\"876\">Solicitar la eliminaci\u00f3n o anonimizaci\u00f3n de sus datos personales, cuando proceda;<\/p>\n<\/li>\n<li data-start=\"877\" data-end=\"995\">\n<p data-start=\"879\" data-end=\"995\">oponerse al tratamiento de sus datos para publicidad dirigida u otras actividades permitidas por la ley;<\/p>\n<\/li>\n<li data-start=\"996\" data-end=\"1077\">\n<p data-start=\"998\" data-end=\"1077\">Acceda a informaci\u00f3n sobre c\u00f3mo se recopilan y utilizan sus datos.<\/p>\n<\/li>\n<\/ul>\n<p data-start=\"1079\" data-end=\"1320\">Para ejercer estos derechos, simplemente haga clic en el enlace. <strong data-start=\"1129\" data-end=\"1163\">\u201cTus opciones de privacidad\u201d<\/strong> disponible en el pie de p\u00e1gina de la p\u00e1gina donde se recopilan o acceden sus datos <strong data-start=\"1236\" data-end=\"1281\">\u201cCuenta &gt; Configuraci\u00f3n &gt; Privacidad\u201d<\/strong> y seleccione la opci\u00f3n correspondiente.<\/p>","protected":false},"excerpt":{"rendered":"<p>1. Termos Ao acessar o site bencaodiaria, voc\u00ea concorda em cumprir estes Termos de Uso, bem como todas as leis e regulamentos&#8230;<\/p>","protected":false},"author":4,"featured_media":0,"parent":0,"menu_order":0,"comment_status":"closed","ping_status":"closed","template":"","meta":{"ghostkit_customizer_options":"","ghostkit_custom_css":"","ghostkit_custom_js_head":"","ghostkit_custom_js_foot":"","ghostkit_typography":"","footnotes":""},"class_list":["post-7892","page","type-page","status-publish","hentry","entry"],"yoast_head":"<!-- This site is optimized with the Yoast SEO plugin v27.4 - https:\/\/yoast.com\/product\/yoast-seo-wordpress\/ -->\n<title>Termos de Uso - Ben\u00e7\u00e3o Di\u00e1ria<\/title>\n<meta name=\"robots\" content=\"index, follow, max-snippet:-1, max-image-preview:large, max-video-preview:-1\" \/>\n<link rel=\"canonical\" href=\"https:\/\/bencaodiaria.club\/es\/termos-de-uso\/\" \/>\n<meta property=\"og:locale\" content=\"es_MX\" \/>\n<meta property=\"og:type\" content=\"article\" \/>\n<meta property=\"og:title\" content=\"Termos de Uso - Ben\u00e7\u00e3o Di\u00e1ria\" \/>\n<meta property=\"og:description\" content=\"1. Termos Ao acessar o site bencaodiaria, voc\u00ea concorda em cumprir estes Termos de Uso, bem como todas as leis e regulamentos...\" \/>\n<meta property=\"og:url\" content=\"https:\/\/bencaodiaria.club\/es\/termos-de-uso\/\" \/>\n<meta property=\"og:site_name\" content=\"Ben\u00e7\u00e3o Di\u00e1ria\" \/>\n<meta property=\"article:modified_time\" content=\"2026-01-12T20:23:38+00:00\" \/>\n<meta name=\"twitter:card\" content=\"summary_large_image\" \/>\n<meta name=\"twitter:label1\" content=\"Tiempo de lectura\" \/>\n\t<meta name=\"twitter:data1\" content=\"4 minutos\" \/>\n<script type=\"application\/ld+json\" class=\"yoast-schema-graph\">{\"@context\":\"https:\\\/\\\/schema.org\",\"@graph\":[{\"@type\":\"WebPage\",\"@id\":\"https:\\\/\\\/bencaodiaria.club\\\/termos-de-uso\\\/\",\"url\":\"https:\\\/\\\/bencaodiaria.club\\\/termos-de-uso\\\/\",\"name\":\"Termos de Uso - Ben\u00e7\u00e3o Di\u00e1ria\",\"isPartOf\":{\"@id\":\"https:\\\/\\\/bencaodiaria.club\\\/#website\"},\"datePublished\":\"2021-09-01T01:36:35+00:00\",\"dateModified\":\"2026-01-12T20:23:38+00:00\",\"breadcrumb\":{\"@id\":\"https:\\\/\\\/bencaodiaria.club\\\/termos-de-uso\\\/#breadcrumb\"},\"inLanguage\":\"es\",\"potentialAction\":[{\"@type\":\"ReadAction\",\"target\":[\"https:\\\/\\\/bencaodiaria.club\\\/termos-de-uso\\\/\"]}]},{\"@type\":\"BreadcrumbList\",\"@id\":\"https:\\\/\\\/bencaodiaria.club\\\/termos-de-uso\\\/#breadcrumb\",\"itemListElement\":[{\"@type\":\"ListItem\",\"position\":1,\"name\":\"Home\",\"item\":\"https:\\\/\\\/bencaodiaria.club\\\/\"},{\"@type\":\"ListItem\",\"position\":2,\"name\":\"Termos de Uso\"}]},{\"@type\":\"WebSite\",\"@id\":\"https:\\\/\\\/bencaodiaria.club\\\/#website\",\"url\":\"https:\\\/\\\/bencaodiaria.club\\\/\",\"name\":\"Ben\u00e7\u00e3o Di\u00e1ria\",\"description\":\"A Palavra de Deus todos os dias\",\"publisher\":{\"@id\":\"https:\\\/\\\/bencaodiaria.club\\\/#organization\"},\"potentialAction\":[{\"@type\":\"SearchAction\",\"target\":{\"@type\":\"EntryPoint\",\"urlTemplate\":\"https:\\\/\\\/bencaodiaria.club\\\/?s={search_term_string}\"},\"query-input\":{\"@type\":\"PropertyValueSpecification\",\"valueRequired\":true,\"valueName\":\"search_term_string\"}}],\"inLanguage\":\"es\"},{\"@type\":\"Organization\",\"@id\":\"https:\\\/\\\/bencaodiaria.club\\\/#organization\",\"name\":\"Ben\u00e7\u00e3o Di\u00e1ria\",\"url\":\"https:\\\/\\\/bencaodiaria.club\\\/\",\"logo\":{\"@type\":\"ImageObject\",\"inLanguage\":\"es\",\"@id\":\"https:\\\/\\\/bencaodiaria.club\\\/#\\\/schema\\\/logo\\\/image\\\/\",\"url\":\"https:\\\/\\\/bencaodiaria.club\\\/wp-content\\\/uploads\\\/2020\\\/06\\\/LOGO-MOBILE.png\",\"contentUrl\":\"https:\\\/\\\/bencaodiaria.club\\\/wp-content\\\/uploads\\\/2020\\\/06\\\/LOGO-MOBILE.png\",\"width\":100,\"height\":40,\"caption\":\"Ben\u00e7\u00e3o Di\u00e1ria\"},\"image\":{\"@id\":\"https:\\\/\\\/bencaodiaria.club\\\/#\\\/schema\\\/logo\\\/image\\\/\"}}]}<\/script>\n<!-- \/ Yoast SEO plugin. -->","yoast_head_json":{"title":"Termos de Uso - Ben\u00e7\u00e3o Di\u00e1ria","robots":{"index":"index","follow":"follow","max-snippet":"max-snippet:-1","max-image-preview":"max-image-preview:large","max-video-preview":"max-video-preview:-1"},"canonical":"https:\/\/bencaodiaria.club\/es\/termos-de-uso\/","og_locale":"es_MX","og_type":"article","og_title":"Termos de Uso - Ben\u00e7\u00e3o Di\u00e1ria","og_description":"1. Termos Ao acessar o site bencaodiaria, voc\u00ea concorda em cumprir estes Termos de Uso, bem como todas as leis e regulamentos...","og_url":"https:\/\/bencaodiaria.club\/es\/termos-de-uso\/","og_site_name":"Ben\u00e7\u00e3o Di\u00e1ria","article_modified_time":"2026-01-12T20:23:38+00:00","twitter_card":"summary_large_image","twitter_misc":{"Tiempo de lectura":"4 minutos"},"schema":{"@context":"https:\/\/schema.org","@graph":[{"@type":"WebPage","@id":"https:\/\/bencaodiaria.club\/termos-de-uso\/","url":"https:\/\/bencaodiaria.club\/termos-de-uso\/","name":"Termos de Uso - Ben\u00e7\u00e3o Di\u00e1ria","isPartOf":{"@id":"https:\/\/bencaodiaria.club\/#website"},"datePublished":"2021-09-01T01:36:35+00:00","dateModified":"2026-01-12T20:23:38+00:00","breadcrumb":{"@id":"https:\/\/bencaodiaria.club\/termos-de-uso\/#breadcrumb"},"inLanguage":"es","potentialAction":[{"@type":"ReadAction","target":["https:\/\/bencaodiaria.club\/termos-de-uso\/"]}]},{"@type":"BreadcrumbList","@id":"https:\/\/bencaodiaria.club\/termos-de-uso\/#breadcrumb","itemListElement":[{"@type":"ListItem","position":1,"name":"Home","item":"https:\/\/bencaodiaria.club\/"},{"@type":"ListItem","position":2,"name":"Termos de Uso"}]},{"@type":"WebSite","@id":"https:\/\/bencaodiaria.club\/#website","url":"https:\/\/bencaodiaria.club\/","name":"Bendici\u00f3n diaria","description":"La Palabra de Dios cada d\u00eda.","publisher":{"@id":"https:\/\/bencaodiaria.club\/#organization"},"potentialAction":[{"@type":"SearchAction","target":{"@type":"EntryPoint","urlTemplate":"https:\/\/bencaodiaria.club\/?s={search_term_string}"},"query-input":{"@type":"PropertyValueSpecification","valueRequired":true,"valueName":"search_term_string"}}],"inLanguage":"es"},{"@type":"Organization","@id":"https:\/\/bencaodiaria.club\/#organization","name":"Bendici\u00f3n diaria","url":"https:\/\/bencaodiaria.club\/","logo":{"@type":"ImageObject","inLanguage":"es","@id":"https:\/\/bencaodiaria.club\/#\/schema\/logo\/image\/","url":"https:\/\/bencaodiaria.club\/wp-content\/uploads\/2020\/06\/LOGO-MOBILE.png","contentUrl":"https:\/\/bencaodiaria.club\/wp-content\/uploads\/2020\/06\/LOGO-MOBILE.png","width":100,"height":40,"caption":"Ben\u00e7\u00e3o Di\u00e1ria"},"image":{"@id":"https:\/\/bencaodiaria.club\/#\/schema\/logo\/image\/"}}]}},"brizy_media":[],"_links":{"self":[{"href":"https:\/\/bencaodiaria.club\/es\/wp-json\/wp\/v2\/pages\/7892","targetHints":{"allow":["GET"]}}],"collection":[{"href":"https:\/\/bencaodiaria.club\/es\/wp-json\/wp\/v2\/pages"}],"about":[{"href":"https:\/\/bencaodiaria.club\/es\/wp-json\/wp\/v2\/types\/page"}],"author":[{"embeddable":true,"href":"https:\/\/bencaodiaria.club\/es\/wp-json\/wp\/v2\/users\/4"}],"replies":[{"embeddable":true,"href":"https:\/\/bencaodiaria.club\/es\/wp-json\/wp\/v2\/comments?post=7892"}],"version-history":[{"count":3,"href":"https:\/\/bencaodiaria.club\/es\/wp-json\/wp\/v2\/pages\/7892\/revisions"}],"predecessor-version":[{"id":18611,"href":"https:\/\/bencaodiaria.club\/es\/wp-json\/wp\/v2\/pages\/7892\/revisions\/18611"}],"wp:attachment":[{"href":"https:\/\/bencaodiaria.club\/es\/wp-json\/wp\/v2\/media?parent=7892"}],"curies":[{"name":"wp","href":"https:\/\/api.w.org\/{rel}","templated":true}]}}