{"id":620,"date":"2018-06-23T17:48:05","date_gmt":"2018-06-23T20:48:05","guid":{"rendered":"http:\/\/138.197.197.124\/?page_id=620"},"modified":"2025-12-10T14:42:37","modified_gmt":"2025-12-10T17:42:37","slug":"politicaprivacidade","status":"publish","type":"page","link":"https:\/\/bencaodiaria.club\/es\/politicaprivacidade\/","title":{"rendered":"Pol\u00edtica de privacidad"},"content":{"rendered":"<h2 data-start=\"679\" data-end=\"718\"><strong data-start=\"682\" data-end=\"718\">1. Compromiso con la privacidad<\/strong><\/h2>\n<p data-start=\"720\" data-end=\"1077\">Proteger su privacidad es una prioridad para Daily Blessing. Toda la informaci\u00f3n personal proporcionada por los miembros, suscriptores, clientes o visitantes se maneja de acuerdo con la <strong data-start=\"909\" data-end=\"971\">Ley General de Protecci\u00f3n de Datos (Ley n\u00ba 13.709\/2018 \u2013 LGPD)<\/strong> en Brasil y, cuando corresponda, con el <strong data-start=\"1009\" data-end=\"1058\">Reglamento General de Protecci\u00f3n de Datos (RGPD)<\/strong> de la Uni\u00f3n Europea.<\/p>\n<p data-start=\"1079\" data-end=\"1192\">Esta pol\u00edtica explica c\u00f3mo recopilamos, usamos, almacenamos, compartimos y protegemos sus datos personales.<\/p>\n<hr data-start=\"1194\" data-end=\"1197\" \/>\n<h2 data-start=\"1199\" data-end=\"1239\"><strong data-start=\"1202\" data-end=\"1239\">2. Recopilaci\u00f3n de informaci\u00f3n personal<\/strong><\/h2>\n<p data-start=\"1241\" data-end=\"1329\">Podemos recopilar informaci\u00f3n personal proporcionada voluntariamente por el usuario, incluyendo:<\/p>\n<ul data-start=\"1331\" data-end=\"1526\">\n<li data-start=\"1331\" data-end=\"1348\">\n<p data-start=\"1333\" data-end=\"1348\">Nombre completo<\/p>\n<\/li>\n<li data-start=\"1349\" data-end=\"1371\">\n<p data-start=\"1351\" data-end=\"1371\">Direcci\u00f3n de correo electr\u00f3nico<\/p>\n<\/li>\n<li data-start=\"1372\" data-end=\"1405\">\n<p data-start=\"1374\" data-end=\"1405\">N\u00famero de tel\u00e9fono o m\u00f3vil<\/p>\n<\/li>\n<li data-start=\"1406\" data-end=\"1430\">\n<p data-start=\"1408\" data-end=\"1430\">Direcci\u00f3n residencial<\/p>\n<\/li>\n<li data-start=\"1431\" data-end=\"1453\">\n<p data-start=\"1433\" data-end=\"1453\">Fecha de nacimiento<\/p>\n<\/li>\n<li data-start=\"1454\" data-end=\"1526\">\n<p data-start=\"1456\" data-end=\"1526\">Informaci\u00f3n enviada a trav\u00e9s de formularios, registros o interacciones en el sitio web.<\/p>\n<\/li>\n<\/ul>\n<p data-start=\"1528\" data-end=\"1699\">Estos datos se utilizan exclusivamente para mejorar la experiencia del usuario, facilitar una comunicaci\u00f3n adecuada y proporcionar contenido, recursos y servicios relevantes.<\/p>\n<p data-start=\"1701\" data-end=\"1752\">Tambi\u00e9n podemos recopilar datos autom\u00e1ticamente, como por ejemplo:<\/p>\n<ul data-start=\"1754\" data-end=\"1900\">\n<li data-start=\"1754\" data-end=\"1769\">\n<p data-start=\"1756\" data-end=\"1769\">Direcci\u00f3n IP<\/p>\n<\/li>\n<li data-start=\"1770\" data-end=\"1793\">\n<p data-start=\"1772\" data-end=\"1793\">Navegador utilizado<\/p>\n<\/li>\n<li data-start=\"1794\" data-end=\"1824\">\n<p data-start=\"1796\" data-end=\"1824\">Proveedor de servicios de Internet (ISP)<\/p>\n<\/li>\n<li data-start=\"1825\" data-end=\"1844\">\n<p data-start=\"1827\" data-end=\"1844\">Horario de visita<\/p>\n<\/li>\n<li data-start=\"1845\" data-end=\"1869\">\n<p data-start=\"1847\" data-end=\"1869\">P\u00e1ginas vistas<\/p>\n<\/li>\n<li data-start=\"1870\" data-end=\"1900\">\n<p data-start=\"1872\" data-end=\"1900\">identificadores de cookies<\/p>\n<\/li>\n<\/ul>\n<hr data-start=\"1902\" data-end=\"1905\" \/>\n<h2 data-start=\"1907\" data-end=\"1936\"><strong data-start=\"1910\" data-end=\"1936\">3. Uso de la informaci\u00f3n<\/strong><\/h2>\n<p data-start=\"1938\" data-end=\"1989\">La informaci\u00f3n recopilada podr\u00e1 utilizarse para:<\/p>\n<ul data-start=\"1991\" data-end=\"2373\">\n<li data-start=\"1991\" data-end=\"2055\">\n<p data-start=\"1993\" data-end=\"2055\">Personaliza tu experiencia de navegaci\u00f3n y mejora tu experiencia en el sitio web.<\/p>\n<\/li>\n<li data-start=\"2056\" data-end=\"2175\">\n<p data-start=\"2058\" data-end=\"2175\">Env\u00edo de mensajes informativos, religiosos, promocionales o notificaciones relevantes (cuando el usuario lo autorice).<\/p>\n<\/li>\n<li data-start=\"2176\" data-end=\"2220\">\n<p data-start=\"2178\" data-end=\"2220\">Cumplir con las obligaciones legales y reglamentarias.<\/p>\n<\/li>\n<li data-start=\"2221\" data-end=\"2277\">\n<p data-start=\"2223\" data-end=\"2277\">Realizar an\u00e1lisis estad\u00edsticos para mejorar el sitio web.<\/p>\n<\/li>\n<li data-start=\"2278\" data-end=\"2373\">\n<p data-start=\"2280\" data-end=\"2373\">Mostrar anuncios personalizados, incluidos los proporcionados por Google y otros socios.<\/p>\n<\/li>\n<\/ul>\n<p data-start=\"2375\" data-end=\"2479\">No se comparte informaci\u00f3n personal p\u00fablicamente ni con terceros, salvo cuando lo exija la ley.<\/p>\n<hr data-start=\"2481\" data-end=\"2484\" \/>\n<h2 data-start=\"2486\" data-end=\"2533\"><strong data-start=\"2489\" data-end=\"2533\">4. Cookies y tecnolog\u00edas de seguimiento<\/strong><\/h2>\n<p data-start=\"2535\" data-end=\"2572\">El sitio web Daily Blessing utiliza cookies para:<\/p>\n<ul data-start=\"2574\" data-end=\"2716\">\n<li data-start=\"2574\" data-end=\"2611\">\n<p data-start=\"2576\" data-end=\"2611\">Almacenar preferencias de usuario<\/p>\n<\/li>\n<li data-start=\"2612\" data-end=\"2647\">\n<p data-start=\"2614\" data-end=\"2647\">Personaliza el contenido mostrado.<\/p>\n<\/li>\n<li data-start=\"2648\" data-end=\"2681\">\n<p data-start=\"2650\" data-end=\"2681\">Analizar el rendimiento del sitio web.<\/p>\n<\/li>\n<li data-start=\"2682\" data-end=\"2716\">\n<p data-start=\"2684\" data-end=\"2716\">Mostrar anuncios personalizados<\/p>\n<\/li>\n<\/ul>\n<h3 data-start=\"2718\" data-end=\"2750\"><strong data-start=\"2722\" data-end=\"2750\">Uso de cookies por parte de Google<\/strong><\/h3>\n<p data-start=\"2752\" data-end=\"2841\">Este sitio web utiliza tecnolog\u00edas de publicidad y an\u00e1lisis proporcionadas por Google, entre las que se incluyen:<\/p>\n<ul data-start=\"2843\" data-end=\"2958\">\n<li data-start=\"2843\" data-end=\"2865\">\n<p data-start=\"2845\" data-end=\"2865\"><strong data-start=\"2845\" data-end=\"2863\">Google AdSense<\/strong><\/p>\n<\/li>\n<li data-start=\"2866\" data-end=\"2890\">\n<p data-start=\"2868\" data-end=\"2890\"><strong data-start=\"2868\" data-end=\"2888\">Google Analytics<\/strong><\/p>\n<\/li>\n<li data-start=\"2891\" data-end=\"2958\">\n<p data-start=\"2893\" data-end=\"2958\">Cookies para la personalizaci\u00f3n de anuncios y la medici\u00f3n del rendimiento.<\/p>\n<\/li>\n<\/ul>\n<p data-start=\"2960\" data-end=\"3110\">Google puede utilizar cookies, incluidas <strong data-start=\"3004\" data-end=\"3019\">galleta DART<\/strong>, para mostrar anuncios basados en las visitas previas del usuario a este y otros sitios web.<\/p>\n<h3 data-start=\"3112\" data-end=\"3139\"><strong data-start=\"3116\" data-end=\"3139\">Control de cookies<\/strong><\/h3>\n<p data-start=\"3141\" data-end=\"3282\">Puedes desactivar o gestionar las cookies en la configuraci\u00f3n de tu navegador. Sin embargo, esto podr\u00eda afectar a algunas funcionalidades del sitio web.<\/p>\n<h3 data-start=\"3284\" data-end=\"3320\"><strong data-start=\"3288\" data-end=\"3320\">Enlaces de Google necesarios<\/strong><\/h3>\n<p data-start=\"3322\" data-end=\"3377\">Para garantizar una total transparencia en lo que respecta al uso de los datos:<\/p>\n<ul data-start=\"3379\" data-end=\"3565\">\n<li data-start=\"3379\" data-end=\"3481\">\n<p data-start=\"3381\" data-end=\"3481\"><strong data-start=\"3381\" data-end=\"3422\">C\u00f3mo utiliza Google los datos de sus socios:<\/strong><br data-start=\"3422\" data-end=\"3425\" \/><a class=\"decorated-link\" href=\"https:\/\/policies.google.com\/technologies\/partner-sites\" target=\"_new\" rel=\"noopener\" data-start=\"3427\" data-end=\"3481\">https:\/\/policies.google.com\/technologies\/partner-sites<\/a><\/p>\n<\/li>\n<li data-start=\"3483\" data-end=\"3565\">\n<p data-start=\"3485\" data-end=\"3565\"><strong data-start=\"3485\" data-end=\"3525\">Configuraci\u00f3n de anuncios \/ Desactivar la opci\u00f3n de exclusi\u00f3n:<\/strong><br data-start=\"3525\" data-end=\"3528\" \/><a class=\"decorated-link\" href=\"https:\/\/www.google.com\/settings\/ads\" target=\"_new\" rel=\"noopener\" data-start=\"3530\" data-end=\"3565\">https:\/\/www.google.com\/settings\/ads<\/a><\/p>\n<\/li>\n<\/ul>\n<hr data-start=\"3567\" data-end=\"3570\" \/>\n<h2 data-start=\"3572\" data-end=\"3606\"><strong data-start=\"3575\" data-end=\"3606\">5. Publicidad de terceros<\/strong><\/h2>\n<p data-start=\"3608\" data-end=\"3713\">Los socios publicitarios, incluido Google, pueden utilizar cookies, balizas web e identificadores para:<\/p>\n<ul data-start=\"3715\" data-end=\"3884\">\n<li data-start=\"3715\" data-end=\"3749\">\n<p data-start=\"3717\" data-end=\"3749\">Mostrar anuncios personalizados<\/p>\n<\/li>\n<li data-start=\"3750\" data-end=\"3786\">\n<p data-start=\"3752\" data-end=\"3786\">Medici\u00f3n del rendimiento de la campa\u00f1a<\/p>\n<\/li>\n<li data-start=\"3787\" data-end=\"3884\">\n<p data-start=\"3789\" data-end=\"3884\">Recopilaci\u00f3n de informaci\u00f3n no personal, como intereses y ubicaci\u00f3n aproximada.<\/p>\n<\/li>\n<\/ul>\n<p data-start=\"3886\" data-end=\"3977\">Estos datos se utilizan de acuerdo con las pol\u00edticas de privacidad y los t\u00e9rminos de cada socio.<\/p>\n<p data-start=\"3979\" data-end=\"4059\">Daily Blessing no tiene acceso ni control sobre las tecnolog\u00edas utilizadas por terceros.<\/p>\n<hr data-start=\"4061\" data-end=\"4064\" \/>\n<h2 data-start=\"4066\" data-end=\"4090\"><strong data-start=\"4069\" data-end=\"4090\">6. Enlaces externos<\/strong><\/h2>\n<p data-start=\"4092\" data-end=\"4195\">La Bendici\u00f3n Diaria puede proporcionar enlaces a sitios web externos que se consideren \u00fatiles o relevantes.<br data-start=\"4181\" data-end=\"4184\" \/>Sin embargo:<\/p>\n<ul data-start=\"4197\" data-end=\"4363\">\n<li data-start=\"4197\" data-end=\"4265\">\n<p data-start=\"4199\" data-end=\"4265\">Esta Pol\u00edtica de Privacidad no se aplica a los sitios web de terceros.<\/p>\n<\/li>\n<li data-start=\"4266\" data-end=\"4363\">\n<p data-start=\"4268\" data-end=\"4363\">No nos hacemos responsables del contenido, la seguridad ni las pr\u00e1cticas de privacidad de los sitios web externos.<\/p>\n<\/li>\n<\/ul>\n<p data-start=\"4365\" data-end=\"4444\">Recomendamos a los usuarios que revisen las pol\u00edticas de estos sitios web al acceder a ellos.<\/p>\n<hr data-start=\"4446\" data-end=\"4449\" \/>\n<h2 data-start=\"4451\" data-end=\"4499\"><strong data-start=\"4454\" data-end=\"4499\">7. Derechos del interesado (LGPD)<\/strong><\/h2>\n<p data-start=\"4501\" data-end=\"4548\">De conformidad con la LGPD (Ley General de Protecci\u00f3n de Datos de Brasil), usted tiene derecho a:<\/p>\n<ul data-start=\"4550\" data-end=\"4941\">\n<li data-start=\"4550\" data-end=\"4599\">\n<p data-start=\"4552\" data-end=\"4599\">Confirme la existencia de procesamiento de datos.<\/p>\n<\/li>\n<li data-start=\"4600\" data-end=\"4631\">\n<p data-start=\"4602\" data-end=\"4631\">Acceda a sus datos personales<\/p>\n<\/li>\n<li data-start=\"4632\" data-end=\"4690\">\n<p data-start=\"4634\" data-end=\"4690\">Corrija los datos incompletos, inexactos o desactualizados.<\/p>\n<\/li>\n<li data-start=\"4691\" data-end=\"4765\">\n<p data-start=\"4693\" data-end=\"4765\">Solicitar la anonimizaci\u00f3n, el bloqueo o la eliminaci\u00f3n de datos innecesarios.<\/p>\n<\/li>\n<li data-start=\"4766\" data-end=\"4805\">\n<p data-start=\"4768\" data-end=\"4805\">Solicitar la portabilidad de los datos.<\/p>\n<\/li>\n<li data-start=\"4806\" data-end=\"4854\">\n<p data-start=\"4808\" data-end=\"4854\">Puede revocar su consentimiento en cualquier momento.<\/p>\n<\/li>\n<li data-start=\"4855\" data-end=\"4941\">\n<p data-start=\"4857\" data-end=\"4941\">Oponerse al tratamiento de datos con fines de marketing o publicidad personalizada.<\/p>\n<\/li>\n<\/ul>\n<p data-start=\"4943\" data-end=\"5020\">Para ejercer sus derechos, p\u00f3ngase en contacto con nosotros a trav\u00e9s del canal oficial que se indica a continuaci\u00f3n.<\/p>\n<hr data-start=\"5022\" data-end=\"5025\" \/>\n<h2 data-start=\"5027\" data-end=\"5067\"><strong data-start=\"5030\" data-end=\"5067\">8. Canal de contacto\u00a0<\/strong><\/h2>\n<p data-start=\"5069\" data-end=\"5174\">Si tiene alguna pregunta, solicitud o inquietud sobre esta Pol\u00edtica de Privacidad, p\u00f3ngase en contacto con nosotros:<\/p>\n<p data-start=\"5176\" data-end=\"5209\">\ud83d\udce7 <strong data-start=\"5179\" data-end=\"5190\">Correo electr\u00f3nico:<\/strong> <a class=\"decorated-link cursor-pointer\" rel=\"noopener\" data-start=\"5191\" data-end=\"5209\">gino@matterads.com<\/a><\/p>\n<p data-start=\"5211\" data-end=\"5305\">Responderemos lo antes posible, dentro de los plazos establecidos por la legislaci\u00f3n vigente.<\/p>\n<hr data-start=\"5307\" data-end=\"5310\" \/>\n<h2 data-start=\"5312\" data-end=\"5359\"><strong data-start=\"5315\" data-end=\"5359\">9. Cambios en la Pol\u00edtica de Privacidad<\/strong><\/h2>\n<p data-start=\"5361\" data-end=\"5501\">Daily Blessing podr\u00e1 modificar esta Pol\u00edtica de Privacidad en cualquier momento. La versi\u00f3n m\u00e1s reciente siempre estar\u00e1 disponible en esta p\u00e1gina.<\/p>\n<p data-start=\"5503\" data-end=\"5597\">El uso continuado del sitio tras los cambios se considerar\u00e1 como la aceptaci\u00f3n de la pol\u00edtica actualizada.<\/p>\n<hr data-start=\"5599\" data-end=\"5602\" \/>\n<h2 data-start=\"5604\" data-end=\"5640\"><strong data-start=\"5607\" data-end=\"5640\">10. Datos del operador del sitio web<\/strong><\/h2>\n<p data-start=\"5642\" data-end=\"5666\">Este sitio web es operado por:<\/p>\n<p data-start=\"5668\" data-end=\"5739\"><strong data-start=\"5668\" data-end=\"5710\">G MATTUCCI EMPRESAS EN L\u00cdNEA LTDA.<\/strong><br data-start=\"5710\" data-end=\"5713\" \/>CNPJ: 33.750.272\/0001-68<\/p>","protected":false},"excerpt":{"rendered":"<p>1. Compromiso con la privacidad Proteger su privacidad es una prioridad para Daily Blessing. Toda la informaci\u00f3n personal proporcionada por\u2026<\/p>","protected":false},"author":1,"featured_media":0,"parent":0,"menu_order":0,"comment_status":"closed","ping_status":"closed","template":"","meta":{"ghostkit_customizer_options":"","ghostkit_custom_css":"","ghostkit_custom_js_head":"","ghostkit_custom_js_foot":"","ghostkit_typography":"","footnotes":""},"class_list":["post-620","page","type-page","status-publish","hentry","entry"],"yoast_head":"<!-- This site is optimized with the Yoast SEO plugin v27.4 - https:\/\/yoast.com\/product\/yoast-seo-wordpress\/ -->\n<title>Pol\u00edtica de Privacidade - Ben\u00e7\u00e3o Di\u00e1ria<\/title>\n<meta name=\"robots\" content=\"index, follow, max-snippet:-1, max-image-preview:large, max-video-preview:-1\" \/>\n<link rel=\"canonical\" href=\"https:\/\/bencaodiaria.club\/es\/politicaprivacidade\/\" \/>\n<meta property=\"og:locale\" content=\"es_MX\" \/>\n<meta property=\"og:type\" content=\"article\" \/>\n<meta property=\"og:title\" content=\"Pol\u00edtica de Privacidade - Ben\u00e7\u00e3o Di\u00e1ria\" \/>\n<meta property=\"og:description\" content=\"1. Compromisso com a Privacidade A prote\u00e7\u00e3o da sua privacidade \u00e9 prioridade para o Ben\u00e7\u00e3o Di\u00e1ria. Todas as informa\u00e7\u00f5es pessoais fornecidas por...\" \/>\n<meta property=\"og:url\" content=\"https:\/\/bencaodiaria.club\/es\/politicaprivacidade\/\" \/>\n<meta property=\"og:site_name\" content=\"Ben\u00e7\u00e3o Di\u00e1ria\" \/>\n<meta property=\"article:modified_time\" content=\"2025-12-10T17:42:37+00:00\" \/>\n<meta name=\"twitter:card\" content=\"summary_large_image\" \/>\n<meta name=\"twitter:label1\" content=\"Tiempo de lectura\" \/>\n\t<meta name=\"twitter:data1\" content=\"4 minutos\" \/>\n<script type=\"application\/ld+json\" class=\"yoast-schema-graph\">{\"@context\":\"https:\\\/\\\/schema.org\",\"@graph\":[{\"@type\":\"WebPage\",\"@id\":\"https:\\\/\\\/bencaodiaria.club\\\/politicaprivacidade\\\/\",\"url\":\"https:\\\/\\\/bencaodiaria.club\\\/politicaprivacidade\\\/\",\"name\":\"Pol\u00edtica de Privacidade - Ben\u00e7\u00e3o Di\u00e1ria\",\"isPartOf\":{\"@id\":\"https:\\\/\\\/bencaodiaria.club\\\/#website\"},\"datePublished\":\"2018-06-23T20:48:05+00:00\",\"dateModified\":\"2025-12-10T17:42:37+00:00\",\"breadcrumb\":{\"@id\":\"https:\\\/\\\/bencaodiaria.club\\\/politicaprivacidade\\\/#breadcrumb\"},\"inLanguage\":\"es\",\"potentialAction\":[{\"@type\":\"ReadAction\",\"target\":[\"https:\\\/\\\/bencaodiaria.club\\\/politicaprivacidade\\\/\"]}]},{\"@type\":\"BreadcrumbList\",\"@id\":\"https:\\\/\\\/bencaodiaria.club\\\/politicaprivacidade\\\/#breadcrumb\",\"itemListElement\":[{\"@type\":\"ListItem\",\"position\":1,\"name\":\"Home\",\"item\":\"https:\\\/\\\/bencaodiaria.club\\\/\"},{\"@type\":\"ListItem\",\"position\":2,\"name\":\"Pol\u00edtica de Privacidade\"}]},{\"@type\":\"WebSite\",\"@id\":\"https:\\\/\\\/bencaodiaria.club\\\/#website\",\"url\":\"https:\\\/\\\/bencaodiaria.club\\\/\",\"name\":\"Ben\u00e7\u00e3o Di\u00e1ria\",\"description\":\"A Palavra de Deus todos os dias\",\"publisher\":{\"@id\":\"https:\\\/\\\/bencaodiaria.club\\\/#organization\"},\"potentialAction\":[{\"@type\":\"SearchAction\",\"target\":{\"@type\":\"EntryPoint\",\"urlTemplate\":\"https:\\\/\\\/bencaodiaria.club\\\/?s={search_term_string}\"},\"query-input\":{\"@type\":\"PropertyValueSpecification\",\"valueRequired\":true,\"valueName\":\"search_term_string\"}}],\"inLanguage\":\"es\"},{\"@type\":\"Organization\",\"@id\":\"https:\\\/\\\/bencaodiaria.club\\\/#organization\",\"name\":\"Ben\u00e7\u00e3o Di\u00e1ria\",\"url\":\"https:\\\/\\\/bencaodiaria.club\\\/\",\"logo\":{\"@type\":\"ImageObject\",\"inLanguage\":\"es\",\"@id\":\"https:\\\/\\\/bencaodiaria.club\\\/#\\\/schema\\\/logo\\\/image\\\/\",\"url\":\"https:\\\/\\\/bencaodiaria.club\\\/wp-content\\\/uploads\\\/2020\\\/06\\\/LOGO-MOBILE.png\",\"contentUrl\":\"https:\\\/\\\/bencaodiaria.club\\\/wp-content\\\/uploads\\\/2020\\\/06\\\/LOGO-MOBILE.png\",\"width\":100,\"height\":40,\"caption\":\"Ben\u00e7\u00e3o Di\u00e1ria\"},\"image\":{\"@id\":\"https:\\\/\\\/bencaodiaria.club\\\/#\\\/schema\\\/logo\\\/image\\\/\"}}]}<\/script>\n<!-- \/ Yoast SEO plugin. -->","yoast_head_json":{"title":"Pol\u00edtica de privacidad - Bendici\u00f3n diaria","robots":{"index":"index","follow":"follow","max-snippet":"max-snippet:-1","max-image-preview":"max-image-preview:large","max-video-preview":"max-video-preview:-1"},"canonical":"https:\/\/bencaodiaria.club\/es\/politicaprivacidade\/","og_locale":"es_MX","og_type":"article","og_title":"Pol\u00edtica de Privacidade - Ben\u00e7\u00e3o Di\u00e1ria","og_description":"1. Compromisso com a Privacidade A prote\u00e7\u00e3o da sua privacidade \u00e9 prioridade para o Ben\u00e7\u00e3o Di\u00e1ria. Todas as informa\u00e7\u00f5es pessoais fornecidas por...","og_url":"https:\/\/bencaodiaria.club\/es\/politicaprivacidade\/","og_site_name":"Ben\u00e7\u00e3o Di\u00e1ria","article_modified_time":"2025-12-10T17:42:37+00:00","twitter_card":"summary_large_image","twitter_misc":{"Tiempo de lectura":"4 minutos"},"schema":{"@context":"https:\/\/schema.org","@graph":[{"@type":"WebPage","@id":"https:\/\/bencaodiaria.club\/politicaprivacidade\/","url":"https:\/\/bencaodiaria.club\/politicaprivacidade\/","name":"Pol\u00edtica de privacidad - Bendici\u00f3n diaria","isPartOf":{"@id":"https:\/\/bencaodiaria.club\/#website"},"datePublished":"2018-06-23T20:48:05+00:00","dateModified":"2025-12-10T17:42:37+00:00","breadcrumb":{"@id":"https:\/\/bencaodiaria.club\/politicaprivacidade\/#breadcrumb"},"inLanguage":"es","potentialAction":[{"@type":"ReadAction","target":["https:\/\/bencaodiaria.club\/politicaprivacidade\/"]}]},{"@type":"BreadcrumbList","@id":"https:\/\/bencaodiaria.club\/politicaprivacidade\/#breadcrumb","itemListElement":[{"@type":"ListItem","position":1,"name":"Home","item":"https:\/\/bencaodiaria.club\/"},{"@type":"ListItem","position":2,"name":"Pol\u00edtica de Privacidade"}]},{"@type":"WebSite","@id":"https:\/\/bencaodiaria.club\/#website","url":"https:\/\/bencaodiaria.club\/","name":"Bendici\u00f3n diaria","description":"La Palabra de Dios cada d\u00eda.","publisher":{"@id":"https:\/\/bencaodiaria.club\/#organization"},"potentialAction":[{"@type":"SearchAction","target":{"@type":"EntryPoint","urlTemplate":"https:\/\/bencaodiaria.club\/?s={search_term_string}"},"query-input":{"@type":"PropertyValueSpecification","valueRequired":true,"valueName":"search_term_string"}}],"inLanguage":"es"},{"@type":"Organization","@id":"https:\/\/bencaodiaria.club\/#organization","name":"Bendici\u00f3n diaria","url":"https:\/\/bencaodiaria.club\/","logo":{"@type":"ImageObject","inLanguage":"es","@id":"https:\/\/bencaodiaria.club\/#\/schema\/logo\/image\/","url":"https:\/\/bencaodiaria.club\/wp-content\/uploads\/2020\/06\/LOGO-MOBILE.png","contentUrl":"https:\/\/bencaodiaria.club\/wp-content\/uploads\/2020\/06\/LOGO-MOBILE.png","width":100,"height":40,"caption":"Ben\u00e7\u00e3o Di\u00e1ria"},"image":{"@id":"https:\/\/bencaodiaria.club\/#\/schema\/logo\/image\/"}}]}},"brizy_media":[],"_links":{"self":[{"href":"https:\/\/bencaodiaria.club\/es\/wp-json\/wp\/v2\/pages\/620","targetHints":{"allow":["GET"]}}],"collection":[{"href":"https:\/\/bencaodiaria.club\/es\/wp-json\/wp\/v2\/pages"}],"about":[{"href":"https:\/\/bencaodiaria.club\/es\/wp-json\/wp\/v2\/types\/page"}],"author":[{"embeddable":true,"href":"https:\/\/bencaodiaria.club\/es\/wp-json\/wp\/v2\/users\/1"}],"replies":[{"embeddable":true,"href":"https:\/\/bencaodiaria.club\/es\/wp-json\/wp\/v2\/comments?post=620"}],"version-history":[{"count":4,"href":"https:\/\/bencaodiaria.club\/es\/wp-json\/wp\/v2\/pages\/620\/revisions"}],"predecessor-version":[{"id":18233,"href":"https:\/\/bencaodiaria.club\/es\/wp-json\/wp\/v2\/pages\/620\/revisions\/18233"}],"wp:attachment":[{"href":"https:\/\/bencaodiaria.club\/es\/wp-json\/wp\/v2\/media?parent=620"}],"curies":[{"name":"wp","href":"https:\/\/api.w.org\/{rel}","templated":true}]}}