{"id":12724,"date":"2024-01-05T16:45:25","date_gmt":"2024-01-05T19:45:25","guid":{"rendered":"https:\/\/bencaodiaria.club\/?page_id=12724"},"modified":"2026-03-04T11:09:40","modified_gmt":"2026-03-04T14:09:40","slug":"sobre-nos","status":"publish","type":"page","link":"https:\/\/bencaodiaria.club\/es\/sobre-nos\/","title":{"rendered":"Sobre nosotros"},"content":{"rendered":"<h4>Bienvenidos a Bendici\u00f3n Diaria<\/h4>\n<p><strong>Misi\u00f3n:<\/strong> En Daily Blessing, creemos en el poder transformador del Evangelio. Nuestra misi\u00f3n es llevar los mensajes inspiradores y esperanzadores de la Santa Biblia a todas las personas, independientemente de sus creencias religiosas o afiliaciones a iglesias. Tambi\u00e9n nos dedicamos a hablar sobre sitios de comercio electr\u00f3nico como Shein.<\/p>\n<p><strong>Visi\u00f3n:<\/strong> Imaginamos un mundo donde el Evangelio sea accesible para todos, ofreciendo consuelo, gu\u00eda e inspiraci\u00f3n en la vida cotidiana. Nuestro objetivo es ser una fuente confiable e inclusiva para todos aquellos que buscan sabidur\u00eda y gu\u00eda espiritual.<\/p>\n<h4>Quienes somos<\/h4>\n<p>Somos un equipo dedicado de personas de diversos or\u00edgenes y experiencias, unidos por un deseo com\u00fan de compartir el mensaje del Evangelio. Nuestro equipo incluye estudiosos de la Biblia, escritores, dise\u00f1adores y desarrolladores web, todos trabajando juntos para crear contenido relevante, accesible e inspirador.<\/p>\n<h4>Nuestro enfoque<\/h4>\n<ul>\n<li><strong>Inclusividad:<\/strong> Creemos que los mensajes del Evangelio son para todos, por eso nos esforzamos en presentar contenidos que respeten la diversidad de creencias y culturas.<\/li>\n<li><strong>Innovaci\u00f3n:<\/strong> Usamos la tecnolog\u00eda y la creatividad para hacer que la ense\u00f1anza del Evangelio sea atractiva y accesible en el mundo digital.<\/li>\n<li><strong>Integridad:<\/strong> Mantenemos un compromiso con la exactitud y fidelidad a las Escrituras, asegurando que nuestro contenido sea confiable y aut\u00e9ntico.<\/li>\n<\/ul>\n<h4>Nuestra historia<\/h4>\n<p>Fundada en 2019 por la Fundaci\u00f3n Triforce, Ben\u00e7\u00e3o Di\u00e1ria comenz\u00f3 como un peque\u00f1o proyecto con un gran sue\u00f1o: conectar a personas de todo el mundo con la sabidur\u00eda del Evangelio. Hoy, con m\u00e1s de 100 mil seguidores en las redes sociales y m\u00e1s de 1 mill\u00f3n de visitas de todo el mundo, hemos evolucionado hasta convertirnos en una plataforma global, que llega a miles de personas diariamente con mensajes de fe, esperanza y amor.<\/p>\n<p>Le agradecemos su visita a Ben\u00e7\u00e3o Di\u00e1ria y esperamos que nuestros mensajes traigan luz e inspiraci\u00f3n a su d\u00eda.<\/p>","protected":false},"excerpt":{"rendered":"<p>Bem-vindo ao Ben\u00e7\u00e3o Di\u00e1ria Miss\u00e3o: No Ben\u00e7\u00e3o Di\u00e1ria, acreditamos no poder transformador do Evangelho. Nossa miss\u00e3o \u00e9 levar as mensagens inspiradoras e&#8230;<\/p>","protected":false},"author":4,"featured_media":0,"parent":0,"menu_order":0,"comment_status":"closed","ping_status":"closed","template":"","meta":{"ghostkit_customizer_options":"","ghostkit_custom_css":"","ghostkit_custom_js_head":"","ghostkit_custom_js_foot":"","ghostkit_typography":"","footnotes":""},"class_list":["post-12724","page","type-page","status-publish","hentry","entry"],"yoast_head":"<!-- This site is optimized with the Yoast SEO plugin v27.4 - https:\/\/yoast.com\/product\/yoast-seo-wordpress\/ -->\n<title>Sobre N\u00f3s - Ben\u00e7\u00e3o Di\u00e1ria<\/title>\n<meta name=\"robots\" content=\"index, follow, max-snippet:-1, max-image-preview:large, max-video-preview:-1\" \/>\n<link rel=\"canonical\" href=\"https:\/\/bencaodiaria.club\/es\/sobre-nos\/\" \/>\n<meta property=\"og:locale\" content=\"es_MX\" \/>\n<meta property=\"og:type\" content=\"article\" \/>\n<meta property=\"og:title\" content=\"Sobre N\u00f3s - Ben\u00e7\u00e3o Di\u00e1ria\" \/>\n<meta property=\"og:description\" content=\"Bem-vindo ao Ben\u00e7\u00e3o Di\u00e1ria Miss\u00e3o: No Ben\u00e7\u00e3o Di\u00e1ria, acreditamos no poder transformador do Evangelho. Nossa miss\u00e3o \u00e9 levar as mensagens inspiradoras e...\" \/>\n<meta property=\"og:url\" content=\"https:\/\/bencaodiaria.club\/es\/sobre-nos\/\" \/>\n<meta property=\"og:site_name\" content=\"Ben\u00e7\u00e3o Di\u00e1ria\" \/>\n<meta property=\"article:modified_time\" content=\"2026-03-04T14:09:40+00:00\" \/>\n<meta name=\"twitter:card\" content=\"summary_large_image\" \/>\n<meta name=\"twitter:label1\" content=\"Tiempo de lectura\" \/>\n\t<meta name=\"twitter:data1\" content=\"2 minutos\" \/>\n<script type=\"application\/ld+json\" class=\"yoast-schema-graph\">{\"@context\":\"https:\\\/\\\/schema.org\",\"@graph\":[{\"@type\":\"WebPage\",\"@id\":\"https:\\\/\\\/bencaodiaria.club\\\/sobre-nos\\\/\",\"url\":\"https:\\\/\\\/bencaodiaria.club\\\/sobre-nos\\\/\",\"name\":\"Sobre N\u00f3s - Ben\u00e7\u00e3o Di\u00e1ria\",\"isPartOf\":{\"@id\":\"https:\\\/\\\/bencaodiaria.club\\\/#website\"},\"datePublished\":\"2024-01-05T19:45:25+00:00\",\"dateModified\":\"2026-03-04T14:09:40+00:00\",\"breadcrumb\":{\"@id\":\"https:\\\/\\\/bencaodiaria.club\\\/sobre-nos\\\/#breadcrumb\"},\"inLanguage\":\"es\",\"potentialAction\":[{\"@type\":\"ReadAction\",\"target\":[\"https:\\\/\\\/bencaodiaria.club\\\/sobre-nos\\\/\"]}]},{\"@type\":\"BreadcrumbList\",\"@id\":\"https:\\\/\\\/bencaodiaria.club\\\/sobre-nos\\\/#breadcrumb\",\"itemListElement\":[{\"@type\":\"ListItem\",\"position\":1,\"name\":\"Home\",\"item\":\"https:\\\/\\\/bencaodiaria.club\\\/\"},{\"@type\":\"ListItem\",\"position\":2,\"name\":\"Sobre N\u00f3s\"}]},{\"@type\":\"WebSite\",\"@id\":\"https:\\\/\\\/bencaodiaria.club\\\/#website\",\"url\":\"https:\\\/\\\/bencaodiaria.club\\\/\",\"name\":\"Ben\u00e7\u00e3o Di\u00e1ria\",\"description\":\"A Palavra de Deus todos os dias\",\"publisher\":{\"@id\":\"https:\\\/\\\/bencaodiaria.club\\\/#organization\"},\"potentialAction\":[{\"@type\":\"SearchAction\",\"target\":{\"@type\":\"EntryPoint\",\"urlTemplate\":\"https:\\\/\\\/bencaodiaria.club\\\/?s={search_term_string}\"},\"query-input\":{\"@type\":\"PropertyValueSpecification\",\"valueRequired\":true,\"valueName\":\"search_term_string\"}}],\"inLanguage\":\"es\"},{\"@type\":\"Organization\",\"@id\":\"https:\\\/\\\/bencaodiaria.club\\\/#organization\",\"name\":\"Ben\u00e7\u00e3o Di\u00e1ria\",\"url\":\"https:\\\/\\\/bencaodiaria.club\\\/\",\"logo\":{\"@type\":\"ImageObject\",\"inLanguage\":\"es\",\"@id\":\"https:\\\/\\\/bencaodiaria.club\\\/#\\\/schema\\\/logo\\\/image\\\/\",\"url\":\"https:\\\/\\\/bencaodiaria.club\\\/wp-content\\\/uploads\\\/2020\\\/06\\\/LOGO-MOBILE.png\",\"contentUrl\":\"https:\\\/\\\/bencaodiaria.club\\\/wp-content\\\/uploads\\\/2020\\\/06\\\/LOGO-MOBILE.png\",\"width\":100,\"height\":40,\"caption\":\"Ben\u00e7\u00e3o Di\u00e1ria\"},\"image\":{\"@id\":\"https:\\\/\\\/bencaodiaria.club\\\/#\\\/schema\\\/logo\\\/image\\\/\"}}]}<\/script>\n<!-- \/ Yoast SEO plugin. -->","yoast_head_json":{"title":"Sobre N\u00f3s - Ben\u00e7\u00e3o Di\u00e1ria","robots":{"index":"index","follow":"follow","max-snippet":"max-snippet:-1","max-image-preview":"max-image-preview:large","max-video-preview":"max-video-preview:-1"},"canonical":"https:\/\/bencaodiaria.club\/es\/sobre-nos\/","og_locale":"es_MX","og_type":"article","og_title":"Sobre N\u00f3s - Ben\u00e7\u00e3o Di\u00e1ria","og_description":"Bem-vindo ao Ben\u00e7\u00e3o Di\u00e1ria Miss\u00e3o: No Ben\u00e7\u00e3o Di\u00e1ria, acreditamos no poder transformador do Evangelho. Nossa miss\u00e3o \u00e9 levar as mensagens inspiradoras e...","og_url":"https:\/\/bencaodiaria.club\/es\/sobre-nos\/","og_site_name":"Ben\u00e7\u00e3o Di\u00e1ria","article_modified_time":"2026-03-04T14:09:40+00:00","twitter_card":"summary_large_image","twitter_misc":{"Tiempo de lectura":"2 minutos"},"schema":{"@context":"https:\/\/schema.org","@graph":[{"@type":"WebPage","@id":"https:\/\/bencaodiaria.club\/sobre-nos\/","url":"https:\/\/bencaodiaria.club\/sobre-nos\/","name":"Sobre N\u00f3s - Ben\u00e7\u00e3o Di\u00e1ria","isPartOf":{"@id":"https:\/\/bencaodiaria.club\/#website"},"datePublished":"2024-01-05T19:45:25+00:00","dateModified":"2026-03-04T14:09:40+00:00","breadcrumb":{"@id":"https:\/\/bencaodiaria.club\/sobre-nos\/#breadcrumb"},"inLanguage":"es","potentialAction":[{"@type":"ReadAction","target":["https:\/\/bencaodiaria.club\/sobre-nos\/"]}]},{"@type":"BreadcrumbList","@id":"https:\/\/bencaodiaria.club\/sobre-nos\/#breadcrumb","itemListElement":[{"@type":"ListItem","position":1,"name":"Home","item":"https:\/\/bencaodiaria.club\/"},{"@type":"ListItem","position":2,"name":"Sobre N\u00f3s"}]},{"@type":"WebSite","@id":"https:\/\/bencaodiaria.club\/#website","url":"https:\/\/bencaodiaria.club\/","name":"Bendici\u00f3n diaria","description":"La Palabra de Dios cada d\u00eda.","publisher":{"@id":"https:\/\/bencaodiaria.club\/#organization"},"potentialAction":[{"@type":"SearchAction","target":{"@type":"EntryPoint","urlTemplate":"https:\/\/bencaodiaria.club\/?s={search_term_string}"},"query-input":{"@type":"PropertyValueSpecification","valueRequired":true,"valueName":"search_term_string"}}],"inLanguage":"es"},{"@type":"Organization","@id":"https:\/\/bencaodiaria.club\/#organization","name":"Bendici\u00f3n diaria","url":"https:\/\/bencaodiaria.club\/","logo":{"@type":"ImageObject","inLanguage":"es","@id":"https:\/\/bencaodiaria.club\/#\/schema\/logo\/image\/","url":"https:\/\/bencaodiaria.club\/wp-content\/uploads\/2020\/06\/LOGO-MOBILE.png","contentUrl":"https:\/\/bencaodiaria.club\/wp-content\/uploads\/2020\/06\/LOGO-MOBILE.png","width":100,"height":40,"caption":"Ben\u00e7\u00e3o Di\u00e1ria"},"image":{"@id":"https:\/\/bencaodiaria.club\/#\/schema\/logo\/image\/"}}]}},"brizy_media":[],"_links":{"self":[{"href":"https:\/\/bencaodiaria.club\/es\/wp-json\/wp\/v2\/pages\/12724","targetHints":{"allow":["GET"]}}],"collection":[{"href":"https:\/\/bencaodiaria.club\/es\/wp-json\/wp\/v2\/pages"}],"about":[{"href":"https:\/\/bencaodiaria.club\/es\/wp-json\/wp\/v2\/types\/page"}],"author":[{"embeddable":true,"href":"https:\/\/bencaodiaria.club\/es\/wp-json\/wp\/v2\/users\/4"}],"replies":[{"embeddable":true,"href":"https:\/\/bencaodiaria.club\/es\/wp-json\/wp\/v2\/comments?post=12724"}],"version-history":[{"count":3,"href":"https:\/\/bencaodiaria.club\/es\/wp-json\/wp\/v2\/pages\/12724\/revisions"}],"predecessor-version":[{"id":19036,"href":"https:\/\/bencaodiaria.club\/es\/wp-json\/wp\/v2\/pages\/12724\/revisions\/19036"}],"wp:attachment":[{"href":"https:\/\/bencaodiaria.club\/es\/wp-json\/wp\/v2\/media?parent=12724"}],"curies":[{"name":"wp","href":"https:\/\/api.w.org\/{rel}","templated":true}]}}