{"id":12724,"date":"2024-01-05T16:45:25","date_gmt":"2024-01-05T19:45:25","guid":{"rendered":"https:\/\/bencaodiaria.club\/?page_id=12724"},"modified":"2026-03-04T11:09:40","modified_gmt":"2026-03-04T14:09:40","slug":"sobre-nos","status":"publish","type":"page","link":"https:\/\/bencaodiaria.club\/en\/sobre-nos\/","title":{"rendered":"About Us"},"content":{"rendered":"<h4>Welcome to Daily Blessing<\/h4>\n<p><strong>Mission:<\/strong> At Daily Blessing, we believe in the transformative power of the Gospel. Our mission is to bring the inspiring and hopeful messages of the Holy Bible to all people, regardless of their religious beliefs or church affiliations. We are also dedicated to discussing e-commerce sites like Shein.<\/p>\n<p><strong>Vision:<\/strong> We imagine a world where the Gospel is accessible to everyone, offering comfort, guidance and inspiration in everyday life. Our goal is to be a trusted and inclusive source for everyone seeking wisdom and spiritual guidance.<\/p>\n<h4>Who we are<\/h4>\n<p>We are a dedicated team of individuals from diverse backgrounds and experiences, united by a common desire to share the Gospel message. Our team includes Bible scholars, writers, designers, and web developers, all working together to create content that is relevant, accessible, and inspiring.<\/p>\n<h4>Our Approach<\/h4>\n<ul>\n<li><strong>Inclusivity:<\/strong> We believe that Gospel messages are for everyone, which is why we strive to present content that respects the diversity of beliefs and cultures.<\/li>\n<li><strong>Innovation:<\/strong> We use technology and creativity to make Gospel teaching attractive and accessible in the digital world.<\/li>\n<li><strong>Integrity:<\/strong> We maintain a commitment to accuracy and fidelity to Scripture, ensuring that our content is trustworthy and authentic.<\/li>\n<\/ul>\n<h4>Our story<\/h4>\n<p>Founded in 2019 by the Triforce Foundation, Ben\u00e7\u00e3o Di\u00e1ria began as a small project with a big dream: connecting people from all over the world with the wisdom of the Gospel. Today, with more than 100 thousand followers on social media and more than 1 million hits from all over the world, we have evolved into a global platform, reaching thousands of people daily with messages of faith, hope and love.<\/p>\n<p>We thank you for visiting Ben\u00e7\u00e3o Di\u00e1ria and we hope that our messages bring light and inspiration to your day.<\/p>","protected":false},"excerpt":{"rendered":"<p>Bem-vindo ao Ben\u00e7\u00e3o Di\u00e1ria Miss\u00e3o: No Ben\u00e7\u00e3o Di\u00e1ria, acreditamos no poder transformador do Evangelho. Nossa miss\u00e3o \u00e9 levar as mensagens inspiradoras e&#8230;<\/p>","protected":false},"author":4,"featured_media":0,"parent":0,"menu_order":0,"comment_status":"closed","ping_status":"closed","template":"","meta":{"ghostkit_customizer_options":"","ghostkit_custom_css":"","ghostkit_custom_js_head":"","ghostkit_custom_js_foot":"","ghostkit_typography":"","footnotes":""},"class_list":["post-12724","page","type-page","status-publish","hentry","entry"],"yoast_head":"<!-- This site is optimized with the Yoast SEO plugin v27.4 - https:\/\/yoast.com\/product\/yoast-seo-wordpress\/ -->\n<title>Sobre N\u00f3s - Ben\u00e7\u00e3o Di\u00e1ria<\/title>\n<meta name=\"robots\" content=\"index, follow, max-snippet:-1, max-image-preview:large, max-video-preview:-1\" \/>\n<link rel=\"canonical\" href=\"https:\/\/bencaodiaria.club\/en\/sobre-nos\/\" \/>\n<meta property=\"og:locale\" content=\"en_US\" \/>\n<meta property=\"og:type\" content=\"article\" \/>\n<meta property=\"og:title\" content=\"Sobre N\u00f3s - Ben\u00e7\u00e3o Di\u00e1ria\" \/>\n<meta property=\"og:description\" content=\"Bem-vindo ao Ben\u00e7\u00e3o Di\u00e1ria Miss\u00e3o: No Ben\u00e7\u00e3o Di\u00e1ria, acreditamos no poder transformador do Evangelho. Nossa miss\u00e3o \u00e9 levar as mensagens inspiradoras e...\" \/>\n<meta property=\"og:url\" content=\"https:\/\/bencaodiaria.club\/en\/sobre-nos\/\" \/>\n<meta property=\"og:site_name\" content=\"Ben\u00e7\u00e3o Di\u00e1ria\" \/>\n<meta property=\"article:modified_time\" content=\"2026-03-04T14:09:40+00:00\" \/>\n<meta name=\"twitter:card\" content=\"summary_large_image\" \/>\n<meta name=\"twitter:label1\" content=\"Est. reading time\" \/>\n\t<meta name=\"twitter:data1\" content=\"2 minutes\" \/>\n<script type=\"application\/ld+json\" class=\"yoast-schema-graph\">{\"@context\":\"https:\\\/\\\/schema.org\",\"@graph\":[{\"@type\":\"WebPage\",\"@id\":\"https:\\\/\\\/bencaodiaria.club\\\/sobre-nos\\\/\",\"url\":\"https:\\\/\\\/bencaodiaria.club\\\/sobre-nos\\\/\",\"name\":\"Sobre N\u00f3s - Ben\u00e7\u00e3o Di\u00e1ria\",\"isPartOf\":{\"@id\":\"https:\\\/\\\/bencaodiaria.club\\\/#website\"},\"datePublished\":\"2024-01-05T19:45:25+00:00\",\"dateModified\":\"2026-03-04T14:09:40+00:00\",\"breadcrumb\":{\"@id\":\"https:\\\/\\\/bencaodiaria.club\\\/sobre-nos\\\/#breadcrumb\"},\"inLanguage\":\"en-US\",\"potentialAction\":[{\"@type\":\"ReadAction\",\"target\":[\"https:\\\/\\\/bencaodiaria.club\\\/sobre-nos\\\/\"]}]},{\"@type\":\"BreadcrumbList\",\"@id\":\"https:\\\/\\\/bencaodiaria.club\\\/sobre-nos\\\/#breadcrumb\",\"itemListElement\":[{\"@type\":\"ListItem\",\"position\":1,\"name\":\"Home\",\"item\":\"https:\\\/\\\/bencaodiaria.club\\\/\"},{\"@type\":\"ListItem\",\"position\":2,\"name\":\"Sobre N\u00f3s\"}]},{\"@type\":\"WebSite\",\"@id\":\"https:\\\/\\\/bencaodiaria.club\\\/#website\",\"url\":\"https:\\\/\\\/bencaodiaria.club\\\/\",\"name\":\"Ben\u00e7\u00e3o Di\u00e1ria\",\"description\":\"A Palavra de Deus todos os dias\",\"publisher\":{\"@id\":\"https:\\\/\\\/bencaodiaria.club\\\/#organization\"},\"potentialAction\":[{\"@type\":\"SearchAction\",\"target\":{\"@type\":\"EntryPoint\",\"urlTemplate\":\"https:\\\/\\\/bencaodiaria.club\\\/?s={search_term_string}\"},\"query-input\":{\"@type\":\"PropertyValueSpecification\",\"valueRequired\":true,\"valueName\":\"search_term_string\"}}],\"inLanguage\":\"en-US\"},{\"@type\":\"Organization\",\"@id\":\"https:\\\/\\\/bencaodiaria.club\\\/#organization\",\"name\":\"Ben\u00e7\u00e3o Di\u00e1ria\",\"url\":\"https:\\\/\\\/bencaodiaria.club\\\/\",\"logo\":{\"@type\":\"ImageObject\",\"inLanguage\":\"en-US\",\"@id\":\"https:\\\/\\\/bencaodiaria.club\\\/#\\\/schema\\\/logo\\\/image\\\/\",\"url\":\"https:\\\/\\\/bencaodiaria.club\\\/wp-content\\\/uploads\\\/2020\\\/06\\\/LOGO-MOBILE.png\",\"contentUrl\":\"https:\\\/\\\/bencaodiaria.club\\\/wp-content\\\/uploads\\\/2020\\\/06\\\/LOGO-MOBILE.png\",\"width\":100,\"height\":40,\"caption\":\"Ben\u00e7\u00e3o Di\u00e1ria\"},\"image\":{\"@id\":\"https:\\\/\\\/bencaodiaria.club\\\/#\\\/schema\\\/logo\\\/image\\\/\"}}]}<\/script>\n<!-- \/ Yoast SEO plugin. -->","yoast_head_json":{"title":"Sobre N\u00f3s - Ben\u00e7\u00e3o Di\u00e1ria","robots":{"index":"index","follow":"follow","max-snippet":"max-snippet:-1","max-image-preview":"max-image-preview:large","max-video-preview":"max-video-preview:-1"},"canonical":"https:\/\/bencaodiaria.club\/en\/sobre-nos\/","og_locale":"en_US","og_type":"article","og_title":"Sobre N\u00f3s - Ben\u00e7\u00e3o Di\u00e1ria","og_description":"Bem-vindo ao Ben\u00e7\u00e3o Di\u00e1ria Miss\u00e3o: No Ben\u00e7\u00e3o Di\u00e1ria, acreditamos no poder transformador do Evangelho. Nossa miss\u00e3o \u00e9 levar as mensagens inspiradoras e...","og_url":"https:\/\/bencaodiaria.club\/en\/sobre-nos\/","og_site_name":"Ben\u00e7\u00e3o Di\u00e1ria","article_modified_time":"2026-03-04T14:09:40+00:00","twitter_card":"summary_large_image","twitter_misc":{"Est. reading time":"2 minutes"},"schema":{"@context":"https:\/\/schema.org","@graph":[{"@type":"WebPage","@id":"https:\/\/bencaodiaria.club\/sobre-nos\/","url":"https:\/\/bencaodiaria.club\/sobre-nos\/","name":"Sobre N\u00f3s - Ben\u00e7\u00e3o Di\u00e1ria","isPartOf":{"@id":"https:\/\/bencaodiaria.club\/#website"},"datePublished":"2024-01-05T19:45:25+00:00","dateModified":"2026-03-04T14:09:40+00:00","breadcrumb":{"@id":"https:\/\/bencaodiaria.club\/sobre-nos\/#breadcrumb"},"inLanguage":"en-US","potentialAction":[{"@type":"ReadAction","target":["https:\/\/bencaodiaria.club\/sobre-nos\/"]}]},{"@type":"BreadcrumbList","@id":"https:\/\/bencaodiaria.club\/sobre-nos\/#breadcrumb","itemListElement":[{"@type":"ListItem","position":1,"name":"Home","item":"https:\/\/bencaodiaria.club\/"},{"@type":"ListItem","position":2,"name":"Sobre N\u00f3s"}]},{"@type":"WebSite","@id":"https:\/\/bencaodiaria.club\/#website","url":"https:\/\/bencaodiaria.club\/","name":"Daily Blessing","description":"The Word of God every day","publisher":{"@id":"https:\/\/bencaodiaria.club\/#organization"},"potentialAction":[{"@type":"SearchAction","target":{"@type":"EntryPoint","urlTemplate":"https:\/\/bencaodiaria.club\/?s={search_term_string}"},"query-input":{"@type":"PropertyValueSpecification","valueRequired":true,"valueName":"search_term_string"}}],"inLanguage":"en-US"},{"@type":"Organization","@id":"https:\/\/bencaodiaria.club\/#organization","name":"Daily Blessing","url":"https:\/\/bencaodiaria.club\/","logo":{"@type":"ImageObject","inLanguage":"en-US","@id":"https:\/\/bencaodiaria.club\/#\/schema\/logo\/image\/","url":"https:\/\/bencaodiaria.club\/wp-content\/uploads\/2020\/06\/LOGO-MOBILE.png","contentUrl":"https:\/\/bencaodiaria.club\/wp-content\/uploads\/2020\/06\/LOGO-MOBILE.png","width":100,"height":40,"caption":"Ben\u00e7\u00e3o Di\u00e1ria"},"image":{"@id":"https:\/\/bencaodiaria.club\/#\/schema\/logo\/image\/"}}]}},"brizy_media":[],"_links":{"self":[{"href":"https:\/\/bencaodiaria.club\/en\/wp-json\/wp\/v2\/pages\/12724","targetHints":{"allow":["GET"]}}],"collection":[{"href":"https:\/\/bencaodiaria.club\/en\/wp-json\/wp\/v2\/pages"}],"about":[{"href":"https:\/\/bencaodiaria.club\/en\/wp-json\/wp\/v2\/types\/page"}],"author":[{"embeddable":true,"href":"https:\/\/bencaodiaria.club\/en\/wp-json\/wp\/v2\/users\/4"}],"replies":[{"embeddable":true,"href":"https:\/\/bencaodiaria.club\/en\/wp-json\/wp\/v2\/comments?post=12724"}],"version-history":[{"count":3,"href":"https:\/\/bencaodiaria.club\/en\/wp-json\/wp\/v2\/pages\/12724\/revisions"}],"predecessor-version":[{"id":19036,"href":"https:\/\/bencaodiaria.club\/en\/wp-json\/wp\/v2\/pages\/12724\/revisions\/19036"}],"wp:attachment":[{"href":"https:\/\/bencaodiaria.club\/en\/wp-json\/wp\/v2\/media?parent=12724"}],"curies":[{"name":"wp","href":"https:\/\/api.w.org\/{rel}","templated":true}]}}