{"id":620,"date":"2018-06-23T17:48:05","date_gmt":"2018-06-23T20:48:05","guid":{"rendered":"http:\/\/138.197.197.124\/?page_id=620"},"modified":"2025-12-10T14:42:37","modified_gmt":"2025-12-10T17:42:37","slug":"politicaprivacidade","status":"publish","type":"page","link":"https:\/\/bencaodiaria.club\/de\/politicaprivacidade\/","title":{"rendered":"Datenschutzrichtlinie"},"content":{"rendered":"<h2 data-start=\"679\" data-end=\"718\"><strong data-start=\"682\" data-end=\"718\">1. Compromisso com a Privacidade<\/strong><\/h2>\n<p data-start=\"720\" data-end=\"1077\">A prote\u00e7\u00e3o da sua privacidade \u00e9 prioridade para o Ben\u00e7\u00e3o Di\u00e1ria. Todas as informa\u00e7\u00f5es pessoais fornecidas por membros, assinantes, clientes ou visitantes s\u00e3o tratadas em conformidade com a <strong data-start=\"909\" data-end=\"971\">Lei Geral de Prote\u00e7\u00e3o de Dados (Lei n\u00ba 13.709\/2018 \u2013 LGPD)<\/strong> no Brasil e, quando aplic\u00e1vel, com o <strong data-start=\"1009\" data-end=\"1058\">Regulamento Geral de Prote\u00e7\u00e3o de Dados (GDPR)<\/strong> da Uni\u00e3o Europeia.<\/p>\n<p data-start=\"1079\" data-end=\"1192\">Esta pol\u00edtica esclarece como coletamos, utilizamos, armazenamos, compartilhamos e protegemos seus dados pessoais.<\/p>\n<hr data-start=\"1194\" data-end=\"1197\" \/>\n<h2 data-start=\"1199\" data-end=\"1239\"><strong data-start=\"1202\" data-end=\"1239\">2. Coleta de Informa\u00e7\u00f5es Pessoais<\/strong><\/h2>\n<p data-start=\"1241\" data-end=\"1329\">Podemos coletar informa\u00e7\u00f5es pessoais fornecidas voluntariamente pelo usu\u00e1rio, incluindo:<\/p>\n<ul data-start=\"1331\" data-end=\"1526\">\n<li data-start=\"1331\" data-end=\"1348\">\n<p data-start=\"1333\" data-end=\"1348\">Nome completo<\/p>\n<\/li>\n<li data-start=\"1349\" data-end=\"1371\">\n<p data-start=\"1351\" data-end=\"1371\">Endere\u00e7o de e-mail<\/p>\n<\/li>\n<li data-start=\"1372\" data-end=\"1405\">\n<p data-start=\"1374\" data-end=\"1405\">N\u00famero de telefone ou celular<\/p>\n<\/li>\n<li data-start=\"1406\" data-end=\"1430\">\n<p data-start=\"1408\" data-end=\"1430\">Endere\u00e7o residencial<\/p>\n<\/li>\n<li data-start=\"1431\" data-end=\"1453\">\n<p data-start=\"1433\" data-end=\"1453\">Data de nascimento<\/p>\n<\/li>\n<li data-start=\"1454\" data-end=\"1526\">\n<p data-start=\"1456\" data-end=\"1526\">Informa\u00e7\u00f5es enviadas em formul\u00e1rios, cadastros ou intera\u00e7\u00f5es no site<\/p>\n<\/li>\n<\/ul>\n<p data-start=\"1528\" data-end=\"1699\">Esses dados s\u00e3o utilizados exclusivamente para melhorar a experi\u00eancia do usu\u00e1rio, permitir comunica\u00e7\u00e3o adequada e disponibilizar conte\u00fados, recursos e servi\u00e7os relevantes.<\/p>\n<p data-start=\"1701\" data-end=\"1752\">Tamb\u00e9m podemos coletar dados automaticamente, como:<\/p>\n<ul data-start=\"1754\" data-end=\"1900\">\n<li data-start=\"1754\" data-end=\"1769\">\n<p data-start=\"1756\" data-end=\"1769\">Endere\u00e7o IP<\/p>\n<\/li>\n<li data-start=\"1770\" data-end=\"1793\">\n<p data-start=\"1772\" data-end=\"1793\">Navegador utilizado<\/p>\n<\/li>\n<li data-start=\"1794\" data-end=\"1824\">\n<p data-start=\"1796\" data-end=\"1824\">Provedor de Internet (ISP)<\/p>\n<\/li>\n<li data-start=\"1825\" data-end=\"1844\">\n<p data-start=\"1827\" data-end=\"1844\">Tempo de visita<\/p>\n<\/li>\n<li data-start=\"1845\" data-end=\"1869\">\n<p data-start=\"1847\" data-end=\"1869\">P\u00e1ginas visualizadas<\/p>\n<\/li>\n<li data-start=\"1870\" data-end=\"1900\">\n<p data-start=\"1872\" data-end=\"1900\">Identificadores de cookies<\/p>\n<\/li>\n<\/ul>\n<hr data-start=\"1902\" data-end=\"1905\" \/>\n<h2 data-start=\"1907\" data-end=\"1936\"><strong data-start=\"1910\" data-end=\"1936\">3. Uso das Informa\u00e7\u00f5es<\/strong><\/h2>\n<p data-start=\"1938\" data-end=\"1989\">As informa\u00e7\u00f5es coletadas podem ser utilizadas para:<\/p>\n<ul data-start=\"1991\" data-end=\"2373\">\n<li data-start=\"1991\" data-end=\"2055\">\n<p data-start=\"1993\" data-end=\"2055\">Personalizar a navega\u00e7\u00e3o e aprimorar sua experi\u00eancia no site<\/p>\n<\/li>\n<li data-start=\"2056\" data-end=\"2175\">\n<p data-start=\"2058\" data-end=\"2175\">Enviar mensagens informativas, religiosas, promocionais ou notifica\u00e7\u00f5es relevantes (quando autorizado pelo usu\u00e1rio)<\/p>\n<\/li>\n<li data-start=\"2176\" data-end=\"2220\">\n<p data-start=\"2178\" data-end=\"2220\">Cumprir obriga\u00e7\u00f5es legais e regulat\u00f3rias<\/p>\n<\/li>\n<li data-start=\"2221\" data-end=\"2277\">\n<p data-start=\"2223\" data-end=\"2277\">Realizar an\u00e1lises estat\u00edsticas para melhoria do site<\/p>\n<\/li>\n<li data-start=\"2278\" data-end=\"2373\">\n<p data-start=\"2280\" data-end=\"2373\">Exibir an\u00fancios segmentados, incluindo publicidade fornecida pelo Google e outros parceiros<\/p>\n<\/li>\n<\/ul>\n<p data-start=\"2375\" data-end=\"2479\">Nenhuma informa\u00e7\u00e3o pessoal \u00e9 compartilhada publicamente ou com terceiros, exceto quando exigido por lei.<\/p>\n<hr data-start=\"2481\" data-end=\"2484\" \/>\n<h2 data-start=\"2486\" data-end=\"2533\"><strong data-start=\"2489\" data-end=\"2533\">4. Cookies e Tecnologias de Rastreamento<\/strong><\/h2>\n<p data-start=\"2535\" data-end=\"2572\">O Ben\u00e7\u00e3o Di\u00e1ria utiliza cookies para:<\/p>\n<ul data-start=\"2574\" data-end=\"2716\">\n<li data-start=\"2574\" data-end=\"2611\">\n<p data-start=\"2576\" data-end=\"2611\">Armazenar prefer\u00eancias do usu\u00e1rio<\/p>\n<\/li>\n<li data-start=\"2612\" data-end=\"2647\">\n<p data-start=\"2614\" data-end=\"2647\">Personalizar conte\u00fados exibidos<\/p>\n<\/li>\n<li data-start=\"2648\" data-end=\"2681\">\n<p data-start=\"2650\" data-end=\"2681\">Analisar o desempenho do site<\/p>\n<\/li>\n<li data-start=\"2682\" data-end=\"2716\">\n<p data-start=\"2684\" data-end=\"2716\">Exibir an\u00fancios personalizados<\/p>\n<\/li>\n<\/ul>\n<h3 data-start=\"2718\" data-end=\"2750\"><strong data-start=\"2722\" data-end=\"2750\">Uso de Cookies do Google<\/strong><\/h3>\n<p data-start=\"2752\" data-end=\"2841\">Este site utiliza tecnologias de publicidade e an\u00e1lise fornecidas pelo Google, incluindo:<\/p>\n<ul data-start=\"2843\" data-end=\"2958\">\n<li data-start=\"2843\" data-end=\"2865\">\n<p data-start=\"2845\" data-end=\"2865\"><strong data-start=\"2845\" data-end=\"2863\">Google AdSense<\/strong><\/p>\n<\/li>\n<li data-start=\"2866\" data-end=\"2890\">\n<p data-start=\"2868\" data-end=\"2890\"><strong data-start=\"2868\" data-end=\"2888\">Google Analytics<\/strong><\/p>\n<\/li>\n<li data-start=\"2891\" data-end=\"2958\">\n<p data-start=\"2893\" data-end=\"2958\">Cookies para personaliza\u00e7\u00e3o de an\u00fancios e medi\u00e7\u00e3o de desempenho<\/p>\n<\/li>\n<\/ul>\n<p data-start=\"2960\" data-end=\"3110\">O Google pode utilizar cookies, incluindo o <strong data-start=\"3004\" data-end=\"3019\">cookie DART<\/strong>, para veicular an\u00fancios com base em visitas anteriores do usu\u00e1rio a este e a outros sites.<\/p>\n<h3 data-start=\"3112\" data-end=\"3139\"><strong data-start=\"3116\" data-end=\"3139\">Controle de Cookies<\/strong><\/h3>\n<p data-start=\"3141\" data-end=\"3282\">Voc\u00ea pode desativar ou gerenciar os cookies nas configura\u00e7\u00f5es do seu navegador. No entanto, isso pode afetar algumas funcionalidades do site.<\/p>\n<h3 data-start=\"3284\" data-end=\"3320\"><strong data-start=\"3288\" data-end=\"3320\">Links Obrigat\u00f3rios do Google<\/strong><\/h3>\n<p data-start=\"3322\" data-end=\"3377\">Para garantir transpar\u00eancia total sobre o uso de dados:<\/p>\n<ul data-start=\"3379\" data-end=\"3565\">\n<li data-start=\"3379\" data-end=\"3481\">\n<p data-start=\"3381\" data-end=\"3481\"><strong data-start=\"3381\" data-end=\"3422\">Como o Google usa dados de parceiros:<\/strong><br data-start=\"3422\" data-end=\"3425\" \/><a class=\"decorated-link\" href=\"https:\/\/policies.google.com\/technologies\/partner-sites\" target=\"_new\" rel=\"noopener\" data-start=\"3427\" data-end=\"3481\">https:\/\/policies.google.com\/technologies\/partner-sites<\/a><\/p>\n<\/li>\n<li data-start=\"3483\" data-end=\"3565\">\n<p data-start=\"3485\" data-end=\"3565\"><strong data-start=\"3485\" data-end=\"3525\">Configura\u00e7\u00f5es de an\u00fancios \/ Opt-out:<\/strong><br data-start=\"3525\" data-end=\"3528\" \/><a class=\"decorated-link\" href=\"https:\/\/www.google.com\/settings\/ads\" target=\"_new\" rel=\"noopener\" data-start=\"3530\" data-end=\"3565\">https:\/\/www.google.com\/settings\/ads<\/a><\/p>\n<\/li>\n<\/ul>\n<hr data-start=\"3567\" data-end=\"3570\" \/>\n<h2 data-start=\"3572\" data-end=\"3606\"><strong data-start=\"3575\" data-end=\"3606\">5. Publicidade de Terceiros<\/strong><\/h2>\n<p data-start=\"3608\" data-end=\"3713\">Parceiros de publicidade, incluindo o Google, podem utilizar cookies, web beacons e identificadores para:<\/p>\n<ul data-start=\"3715\" data-end=\"3884\">\n<li data-start=\"3715\" data-end=\"3749\">\n<p data-start=\"3717\" data-end=\"3749\">Exibir an\u00fancios personalizados<\/p>\n<\/li>\n<li data-start=\"3750\" data-end=\"3786\">\n<p data-start=\"3752\" data-end=\"3786\">Medir o desempenho das campanhas<\/p>\n<\/li>\n<li data-start=\"3787\" data-end=\"3884\">\n<p data-start=\"3789\" data-end=\"3884\">Coletar informa\u00e7\u00f5es n\u00e3o identific\u00e1veis pessoalmente, como interesses e localiza\u00e7\u00e3o aproximada<\/p>\n<\/li>\n<\/ul>\n<p data-start=\"3886\" data-end=\"3977\">Esses dados s\u00e3o usados de acordo com as pol\u00edticas de privacidade e termos de cada parceiro.<\/p>\n<p data-start=\"3979\" data-end=\"4059\">O Ben\u00e7\u00e3o Di\u00e1ria n\u00e3o tem acesso nem controla as tecnologias usadas por terceiros.<\/p>\n<hr data-start=\"4061\" data-end=\"4064\" \/>\n<h2 data-start=\"4066\" data-end=\"4090\"><strong data-start=\"4069\" data-end=\"4090\">6. Links Externos<\/strong><\/h2>\n<p data-start=\"4092\" data-end=\"4195\">O Ben\u00e7\u00e3o Di\u00e1ria pode fornecer links para sites externos considerados \u00fateis ou relevantes.<br data-start=\"4181\" data-end=\"4184\" \/>Entretanto:<\/p>\n<ul data-start=\"4197\" data-end=\"4363\">\n<li data-start=\"4197\" data-end=\"4265\">\n<p data-start=\"4199\" data-end=\"4265\">Esta Pol\u00edtica de Privacidade n\u00e3o se aplica a sites de terceiros.<\/p>\n<\/li>\n<li data-start=\"4266\" data-end=\"4363\">\n<p data-start=\"4268\" data-end=\"4363\">N\u00e3o somos respons\u00e1veis pelo conte\u00fado, seguran\u00e7a ou pr\u00e1ticas de privacidade de sites externos.<\/p>\n<\/li>\n<\/ul>\n<p data-start=\"4365\" data-end=\"4444\">Recomendamos que os usu\u00e1rios consultem as pol\u00edticas desses sites ao acess\u00e1-los.<\/p>\n<hr data-start=\"4446\" data-end=\"4449\" \/>\n<h2 data-start=\"4451\" data-end=\"4499\"><strong data-start=\"4454\" data-end=\"4499\">7. Direitos dos Titulares de Dados (LGPD)<\/strong><\/h2>\n<p data-start=\"4501\" data-end=\"4548\">Em conformidade com a LGPD, voc\u00ea tem direito a:<\/p>\n<ul data-start=\"4550\" data-end=\"4941\">\n<li data-start=\"4550\" data-end=\"4599\">\n<p data-start=\"4552\" data-end=\"4599\">Confirmar a exist\u00eancia de tratamento de dados<\/p>\n<\/li>\n<li data-start=\"4600\" data-end=\"4631\">\n<p data-start=\"4602\" data-end=\"4631\">Acessar seus dados pessoais<\/p>\n<\/li>\n<li data-start=\"4632\" data-end=\"4690\">\n<p data-start=\"4634\" data-end=\"4690\">Corrigir dados incompletos, inexatos ou desatualizados<\/p>\n<\/li>\n<li data-start=\"4691\" data-end=\"4765\">\n<p data-start=\"4693\" data-end=\"4765\">Solicitar a anonimiza\u00e7\u00e3o, bloqueio ou exclus\u00e3o de dados desnecess\u00e1rios<\/p>\n<\/li>\n<li data-start=\"4766\" data-end=\"4805\">\n<p data-start=\"4768\" data-end=\"4805\">Solicitar a portabilidade dos dados<\/p>\n<\/li>\n<li data-start=\"4806\" data-end=\"4854\">\n<p data-start=\"4808\" data-end=\"4854\">Revogar seu consentimento a qualquer momento<\/p>\n<\/li>\n<li data-start=\"4855\" data-end=\"4941\">\n<p data-start=\"4857\" data-end=\"4941\">Opor-se ao tratamento de dados para fins de marketing ou publicidade personalizada<\/p>\n<\/li>\n<\/ul>\n<p data-start=\"4943\" data-end=\"5020\">Para exercer seus direitos, entre em contato atrav\u00e9s do canal oficial abaixo.<\/p>\n<hr data-start=\"5022\" data-end=\"5025\" \/>\n<h2 data-start=\"5027\" data-end=\"5067\"><strong data-start=\"5030\" data-end=\"5067\">8. Canal de Contato\u00a0<\/strong><\/h2>\n<p data-start=\"5069\" data-end=\"5174\">Se voc\u00ea tiver d\u00favidas, solicita\u00e7\u00f5es ou preocupa\u00e7\u00f5es sobre esta Pol\u00edtica de Privacidade, entre em contato:<\/p>\n<p data-start=\"5176\" data-end=\"5209\">\ud83d\udce7 <strong data-start=\"5179\" data-end=\"5190\">E-mail:<\/strong> <a class=\"decorated-link cursor-pointer\" rel=\"noopener\" data-start=\"5191\" data-end=\"5209\">gino@matterads.com<\/a><\/p>\n<p data-start=\"5211\" data-end=\"5305\">Responderemos o mais r\u00e1pido poss\u00edvel, dentro dos prazos estabelecidos pela legisla\u00e7\u00e3o vigente.<\/p>\n<hr data-start=\"5307\" data-end=\"5310\" \/>\n<h2 data-start=\"5312\" data-end=\"5359\"><strong data-start=\"5315\" data-end=\"5359\">9. Altera\u00e7\u00f5es na Pol\u00edtica de Privacidade<\/strong><\/h2>\n<p data-start=\"5361\" data-end=\"5501\">O Ben\u00e7\u00e3o Di\u00e1ria poder\u00e1 alterar esta Pol\u00edtica de Privacidade a qualquer momento. A vers\u00e3o mais recente estar\u00e1 sempre dispon\u00edvel nesta p\u00e1gina.<\/p>\n<p data-start=\"5503\" data-end=\"5597\">O uso cont\u00ednuo do site ap\u00f3s altera\u00e7\u00f5es ser\u00e1 considerado como aceita\u00e7\u00e3o da pol\u00edtica atualizada.<\/p>\n<hr data-start=\"5599\" data-end=\"5602\" \/>\n<h2 data-start=\"5604\" data-end=\"5640\"><strong data-start=\"5607\" data-end=\"5640\">10. Dados do Operador do Site<\/strong><\/h2>\n<p data-start=\"5642\" data-end=\"5666\">Este site \u00e9 operado por:<\/p>\n<p data-start=\"5668\" data-end=\"5739\"><strong data-start=\"5668\" data-end=\"5710\">G MATTUCCI EMPREENDIMENTOS ONLINE LTDA<\/strong><br data-start=\"5710\" data-end=\"5713\" \/>CNPJ: 33.750.272\/0001-68<\/p>","protected":false},"excerpt":{"rendered":"<p>1. Compromisso com a Privacidade A prote\u00e7\u00e3o da sua privacidade \u00e9 prioridade para o Ben\u00e7\u00e3o Di\u00e1ria. Todas as informa\u00e7\u00f5es pessoais fornecidas por&#8230;<\/p>","protected":false},"author":1,"featured_media":0,"parent":0,"menu_order":0,"comment_status":"closed","ping_status":"closed","template":"","meta":{"ghostkit_customizer_options":"","ghostkit_custom_css":"","ghostkit_custom_js_head":"","ghostkit_custom_js_foot":"","ghostkit_typography":"","footnotes":""},"class_list":["post-620","page","type-page","status-publish","hentry","entry"],"yoast_head":"<!-- This site is optimized with the Yoast SEO plugin v27.4 - https:\/\/yoast.com\/product\/yoast-seo-wordpress\/ -->\n<title>Pol\u00edtica de Privacidade - Ben\u00e7\u00e3o Di\u00e1ria<\/title>\n<meta name=\"robots\" content=\"index, follow, max-snippet:-1, max-image-preview:large, max-video-preview:-1\" \/>\n<link rel=\"canonical\" href=\"https:\/\/bencaodiaria.club\/de\/politicaprivacidade\/\" \/>\n<meta property=\"og:locale\" content=\"de_DE\" \/>\n<meta property=\"og:type\" content=\"article\" \/>\n<meta property=\"og:title\" content=\"Pol\u00edtica de Privacidade - Ben\u00e7\u00e3o Di\u00e1ria\" \/>\n<meta property=\"og:description\" content=\"1. Compromisso com a Privacidade A prote\u00e7\u00e3o da sua privacidade \u00e9 prioridade para o Ben\u00e7\u00e3o Di\u00e1ria. Todas as informa\u00e7\u00f5es pessoais fornecidas por...\" \/>\n<meta property=\"og:url\" content=\"https:\/\/bencaodiaria.club\/de\/politicaprivacidade\/\" \/>\n<meta property=\"og:site_name\" content=\"Ben\u00e7\u00e3o Di\u00e1ria\" \/>\n<meta property=\"article:modified_time\" content=\"2025-12-10T17:42:37+00:00\" \/>\n<meta name=\"twitter:card\" content=\"summary_large_image\" \/>\n<meta name=\"twitter:label1\" content=\"Gesch\u00e4tzte Lesezeit\" \/>\n\t<meta name=\"twitter:data1\" content=\"4\u00a0Minuten\" \/>\n<script type=\"application\/ld+json\" class=\"yoast-schema-graph\">{\"@context\":\"https:\\\/\\\/schema.org\",\"@graph\":[{\"@type\":\"WebPage\",\"@id\":\"https:\\\/\\\/bencaodiaria.club\\\/politicaprivacidade\\\/\",\"url\":\"https:\\\/\\\/bencaodiaria.club\\\/politicaprivacidade\\\/\",\"name\":\"Pol\u00edtica de Privacidade - Ben\u00e7\u00e3o Di\u00e1ria\",\"isPartOf\":{\"@id\":\"https:\\\/\\\/bencaodiaria.club\\\/#website\"},\"datePublished\":\"2018-06-23T20:48:05+00:00\",\"dateModified\":\"2025-12-10T17:42:37+00:00\",\"breadcrumb\":{\"@id\":\"https:\\\/\\\/bencaodiaria.club\\\/politicaprivacidade\\\/#breadcrumb\"},\"inLanguage\":\"de\",\"potentialAction\":[{\"@type\":\"ReadAction\",\"target\":[\"https:\\\/\\\/bencaodiaria.club\\\/politicaprivacidade\\\/\"]}]},{\"@type\":\"BreadcrumbList\",\"@id\":\"https:\\\/\\\/bencaodiaria.club\\\/politicaprivacidade\\\/#breadcrumb\",\"itemListElement\":[{\"@type\":\"ListItem\",\"position\":1,\"name\":\"Home\",\"item\":\"https:\\\/\\\/bencaodiaria.club\\\/\"},{\"@type\":\"ListItem\",\"position\":2,\"name\":\"Pol\u00edtica de Privacidade\"}]},{\"@type\":\"WebSite\",\"@id\":\"https:\\\/\\\/bencaodiaria.club\\\/#website\",\"url\":\"https:\\\/\\\/bencaodiaria.club\\\/\",\"name\":\"Ben\u00e7\u00e3o Di\u00e1ria\",\"description\":\"A Palavra de Deus todos os dias\",\"publisher\":{\"@id\":\"https:\\\/\\\/bencaodiaria.club\\\/#organization\"},\"potentialAction\":[{\"@type\":\"SearchAction\",\"target\":{\"@type\":\"EntryPoint\",\"urlTemplate\":\"https:\\\/\\\/bencaodiaria.club\\\/?s={search_term_string}\"},\"query-input\":{\"@type\":\"PropertyValueSpecification\",\"valueRequired\":true,\"valueName\":\"search_term_string\"}}],\"inLanguage\":\"de\"},{\"@type\":\"Organization\",\"@id\":\"https:\\\/\\\/bencaodiaria.club\\\/#organization\",\"name\":\"Ben\u00e7\u00e3o Di\u00e1ria\",\"url\":\"https:\\\/\\\/bencaodiaria.club\\\/\",\"logo\":{\"@type\":\"ImageObject\",\"inLanguage\":\"de\",\"@id\":\"https:\\\/\\\/bencaodiaria.club\\\/#\\\/schema\\\/logo\\\/image\\\/\",\"url\":\"https:\\\/\\\/bencaodiaria.club\\\/wp-content\\\/uploads\\\/2020\\\/06\\\/LOGO-MOBILE.png\",\"contentUrl\":\"https:\\\/\\\/bencaodiaria.club\\\/wp-content\\\/uploads\\\/2020\\\/06\\\/LOGO-MOBILE.png\",\"width\":100,\"height\":40,\"caption\":\"Ben\u00e7\u00e3o Di\u00e1ria\"},\"image\":{\"@id\":\"https:\\\/\\\/bencaodiaria.club\\\/#\\\/schema\\\/logo\\\/image\\\/\"}}]}<\/script>\n<!-- \/ Yoast SEO plugin. -->","yoast_head_json":{"title":"Pol\u00edtica de Privacidade - Ben\u00e7\u00e3o Di\u00e1ria","robots":{"index":"index","follow":"follow","max-snippet":"max-snippet:-1","max-image-preview":"max-image-preview:large","max-video-preview":"max-video-preview:-1"},"canonical":"https:\/\/bencaodiaria.club\/de\/politicaprivacidade\/","og_locale":"de_DE","og_type":"article","og_title":"Pol\u00edtica de Privacidade - Ben\u00e7\u00e3o Di\u00e1ria","og_description":"1. Compromisso com a Privacidade A prote\u00e7\u00e3o da sua privacidade \u00e9 prioridade para o Ben\u00e7\u00e3o Di\u00e1ria. Todas as informa\u00e7\u00f5es pessoais fornecidas por...","og_url":"https:\/\/bencaodiaria.club\/de\/politicaprivacidade\/","og_site_name":"Ben\u00e7\u00e3o Di\u00e1ria","article_modified_time":"2025-12-10T17:42:37+00:00","twitter_card":"summary_large_image","twitter_misc":{"Gesch\u00e4tzte Lesezeit":"4\u00a0Minuten"},"schema":{"@context":"https:\/\/schema.org","@graph":[{"@type":"WebPage","@id":"https:\/\/bencaodiaria.club\/politicaprivacidade\/","url":"https:\/\/bencaodiaria.club\/politicaprivacidade\/","name":"Pol\u00edtica de Privacidade - Ben\u00e7\u00e3o Di\u00e1ria","isPartOf":{"@id":"https:\/\/bencaodiaria.club\/#website"},"datePublished":"2018-06-23T20:48:05+00:00","dateModified":"2025-12-10T17:42:37+00:00","breadcrumb":{"@id":"https:\/\/bencaodiaria.club\/politicaprivacidade\/#breadcrumb"},"inLanguage":"de","potentialAction":[{"@type":"ReadAction","target":["https:\/\/bencaodiaria.club\/politicaprivacidade\/"]}]},{"@type":"BreadcrumbList","@id":"https:\/\/bencaodiaria.club\/politicaprivacidade\/#breadcrumb","itemListElement":[{"@type":"ListItem","position":1,"name":"Home","item":"https:\/\/bencaodiaria.club\/"},{"@type":"ListItem","position":2,"name":"Pol\u00edtica de Privacidade"}]},{"@type":"WebSite","@id":"https:\/\/bencaodiaria.club\/#website","url":"https:\/\/bencaodiaria.club\/","name":"T\u00e4glicher Segen","description":"Das Wort Gottes jeden Tag","publisher":{"@id":"https:\/\/bencaodiaria.club\/#organization"},"potentialAction":[{"@type":"SearchAction","target":{"@type":"EntryPoint","urlTemplate":"https:\/\/bencaodiaria.club\/?s={search_term_string}"},"query-input":{"@type":"PropertyValueSpecification","valueRequired":true,"valueName":"search_term_string"}}],"inLanguage":"de"},{"@type":"Organization","@id":"https:\/\/bencaodiaria.club\/#organization","name":"T\u00e4glicher Segen","url":"https:\/\/bencaodiaria.club\/","logo":{"@type":"ImageObject","inLanguage":"de","@id":"https:\/\/bencaodiaria.club\/#\/schema\/logo\/image\/","url":"https:\/\/bencaodiaria.club\/wp-content\/uploads\/2020\/06\/LOGO-MOBILE.png","contentUrl":"https:\/\/bencaodiaria.club\/wp-content\/uploads\/2020\/06\/LOGO-MOBILE.png","width":100,"height":40,"caption":"Ben\u00e7\u00e3o Di\u00e1ria"},"image":{"@id":"https:\/\/bencaodiaria.club\/#\/schema\/logo\/image\/"}}]}},"brizy_media":[],"_links":{"self":[{"href":"https:\/\/bencaodiaria.club\/de\/wp-json\/wp\/v2\/pages\/620","targetHints":{"allow":["GET"]}}],"collection":[{"href":"https:\/\/bencaodiaria.club\/de\/wp-json\/wp\/v2\/pages"}],"about":[{"href":"https:\/\/bencaodiaria.club\/de\/wp-json\/wp\/v2\/types\/page"}],"author":[{"embeddable":true,"href":"https:\/\/bencaodiaria.club\/de\/wp-json\/wp\/v2\/users\/1"}],"replies":[{"embeddable":true,"href":"https:\/\/bencaodiaria.club\/de\/wp-json\/wp\/v2\/comments?post=620"}],"version-history":[{"count":4,"href":"https:\/\/bencaodiaria.club\/de\/wp-json\/wp\/v2\/pages\/620\/revisions"}],"predecessor-version":[{"id":18233,"href":"https:\/\/bencaodiaria.club\/de\/wp-json\/wp\/v2\/pages\/620\/revisions\/18233"}],"wp:attachment":[{"href":"https:\/\/bencaodiaria.club\/de\/wp-json\/wp\/v2\/media?parent=620"}],"curies":[{"name":"wp","href":"https:\/\/api.w.org\/{rel}","templated":true}]}}