{"id":12724,"date":"2024-01-05T16:45:25","date_gmt":"2024-01-05T19:45:25","guid":{"rendered":"https:\/\/bencaodiaria.club\/?page_id=12724"},"modified":"2026-03-04T11:09:40","modified_gmt":"2026-03-04T14:09:40","slug":"sobre-nos","status":"publish","type":"page","link":"https:\/\/bencaodiaria.club\/de\/sobre-nos\/","title":{"rendered":"\u00dcber uns"},"content":{"rendered":"<h4>Willkommen zum t\u00e4glichen Segen<\/h4>\n<p><strong>Auftrag:<\/strong> No Ben\u00e7\u00e3o Di\u00e1ria, acreditamos no poder transformador do Evangelho. Nossa miss\u00e3o \u00e9 levar as mensagens inspiradoras e esperan\u00e7osas da B\u00edblia Sagrada a todas as pessoas, independentemente de suas cren\u00e7as religiosas ou afilia\u00e7\u00f5es eclesi\u00e1sticas. Tamb\u00e9m nos dedicamos a falar sobre e-commerces como Shein.<\/p>\n<p><strong>Vision:<\/strong> Wir stellen uns eine Welt vor, in der das Evangelium f\u00fcr alle zug\u00e4nglich ist und Trost, Anleitung und Inspiration f\u00fcr das t\u00e4gliche Leben bietet. Unser Ziel ist es, eine verl\u00e4ssliche und umfassende Quelle f\u00fcr alle zu sein, die Weisheit und geistige F\u00fchrung suchen.<\/p>\n<h4>Wer wir sind<\/h4>\n<p>Wir sind ein engagiertes Team von Menschen mit unterschiedlichen Hintergr\u00fcnden und Erfahrungen, die durch den gemeinsamen Wunsch vereint sind, die Botschaft des Evangeliums weiterzugeben. Zu unserem Team geh\u00f6ren Bibelwissenschaftler, Autoren, Designer und Webentwickler, die alle zusammenarbeiten, um Inhalte zu erstellen, die relevant, zug\u00e4nglich und inspirierend sind.<\/p>\n<h4>Unser Ansatz<\/h4>\n<ul>\n<li><strong>Inklusivit\u00e4t:<\/strong> Wir glauben, dass die Botschaften des Evangeliums f\u00fcr alle Menschen bestimmt sind. Deshalb bem\u00fchen wir uns, Inhalte zu pr\u00e4sentieren, die die Vielfalt der Glaubensrichtungen und Kulturen respektieren.<\/li>\n<li><strong>Innovation:<\/strong> Wir nutzen Technologie und Kreativit\u00e4t, um die Lehre des Evangeliums in der digitalen Welt attraktiv und zug\u00e4nglich zu machen.<\/li>\n<li><strong>Integrit\u00e4t:<\/strong> Wir verpflichten uns zu Genauigkeit und Treue zur Heiligen Schrift, um sicherzustellen, dass unsere Inhalte zuverl\u00e4ssig und authentisch sind.<\/li>\n<\/ul>\n<h4>Unsere Geschichte<\/h4>\n<p>Daily Blessing wurde 2019 von der Triforce Foundation gegr\u00fcndet und begann als kleines Projekt mit einem gro\u00dfen Traum: Menschen auf der ganzen Welt mit der Weisheit des Evangeliums zu verbinden. Heute, mit mehr als 100.000 Followern in den sozialen Medien und mehr als 1 Million Zugriffen aus aller Welt, haben wir uns zu einer globalen Plattform entwickelt, die jeden Tag Tausende von Menschen mit Botschaften des Glaubens, der Hoffnung und der Liebe erreicht.<\/p>\n<p>Wir danken Ihnen f\u00fcr Ihren Besuch bei Daily Blessing und hoffen, dass unsere Botschaften Ihnen Licht und Inspiration f\u00fcr Ihren Tag bringen.<\/p>","protected":false},"excerpt":{"rendered":"<p>Bem-vindo ao Ben\u00e7\u00e3o Di\u00e1ria Miss\u00e3o: No Ben\u00e7\u00e3o Di\u00e1ria, acreditamos no poder transformador do Evangelho. Nossa miss\u00e3o \u00e9 levar as mensagens inspiradoras e&#8230;<\/p>","protected":false},"author":4,"featured_media":0,"parent":0,"menu_order":0,"comment_status":"closed","ping_status":"closed","template":"","meta":{"ghostkit_customizer_options":"","ghostkit_custom_css":"","ghostkit_custom_js_head":"","ghostkit_custom_js_foot":"","ghostkit_typography":"","footnotes":""},"class_list":["post-12724","page","type-page","status-publish","hentry","entry"],"yoast_head":"<!-- This site is optimized with the Yoast SEO plugin v27.4 - https:\/\/yoast.com\/product\/yoast-seo-wordpress\/ -->\n<title>Sobre N\u00f3s - Ben\u00e7\u00e3o Di\u00e1ria<\/title>\n<meta name=\"robots\" content=\"index, follow, max-snippet:-1, max-image-preview:large, max-video-preview:-1\" \/>\n<link rel=\"canonical\" href=\"https:\/\/bencaodiaria.club\/de\/sobre-nos\/\" \/>\n<meta property=\"og:locale\" content=\"de_DE\" \/>\n<meta property=\"og:type\" content=\"article\" \/>\n<meta property=\"og:title\" content=\"Sobre N\u00f3s - Ben\u00e7\u00e3o Di\u00e1ria\" \/>\n<meta property=\"og:description\" content=\"Bem-vindo ao Ben\u00e7\u00e3o Di\u00e1ria Miss\u00e3o: No Ben\u00e7\u00e3o Di\u00e1ria, acreditamos no poder transformador do Evangelho. Nossa miss\u00e3o \u00e9 levar as mensagens inspiradoras e...\" \/>\n<meta property=\"og:url\" content=\"https:\/\/bencaodiaria.club\/de\/sobre-nos\/\" \/>\n<meta property=\"og:site_name\" content=\"Ben\u00e7\u00e3o Di\u00e1ria\" \/>\n<meta property=\"article:modified_time\" content=\"2026-03-04T14:09:40+00:00\" \/>\n<meta name=\"twitter:card\" content=\"summary_large_image\" \/>\n<meta name=\"twitter:label1\" content=\"Gesch\u00e4tzte Lesezeit\" \/>\n\t<meta name=\"twitter:data1\" content=\"2\u00a0Minuten\" \/>\n<script type=\"application\/ld+json\" class=\"yoast-schema-graph\">{\"@context\":\"https:\\\/\\\/schema.org\",\"@graph\":[{\"@type\":\"WebPage\",\"@id\":\"https:\\\/\\\/bencaodiaria.club\\\/sobre-nos\\\/\",\"url\":\"https:\\\/\\\/bencaodiaria.club\\\/sobre-nos\\\/\",\"name\":\"Sobre N\u00f3s - Ben\u00e7\u00e3o Di\u00e1ria\",\"isPartOf\":{\"@id\":\"https:\\\/\\\/bencaodiaria.club\\\/#website\"},\"datePublished\":\"2024-01-05T19:45:25+00:00\",\"dateModified\":\"2026-03-04T14:09:40+00:00\",\"breadcrumb\":{\"@id\":\"https:\\\/\\\/bencaodiaria.club\\\/sobre-nos\\\/#breadcrumb\"},\"inLanguage\":\"de\",\"potentialAction\":[{\"@type\":\"ReadAction\",\"target\":[\"https:\\\/\\\/bencaodiaria.club\\\/sobre-nos\\\/\"]}]},{\"@type\":\"BreadcrumbList\",\"@id\":\"https:\\\/\\\/bencaodiaria.club\\\/sobre-nos\\\/#breadcrumb\",\"itemListElement\":[{\"@type\":\"ListItem\",\"position\":1,\"name\":\"Home\",\"item\":\"https:\\\/\\\/bencaodiaria.club\\\/\"},{\"@type\":\"ListItem\",\"position\":2,\"name\":\"Sobre N\u00f3s\"}]},{\"@type\":\"WebSite\",\"@id\":\"https:\\\/\\\/bencaodiaria.club\\\/#website\",\"url\":\"https:\\\/\\\/bencaodiaria.club\\\/\",\"name\":\"Ben\u00e7\u00e3o Di\u00e1ria\",\"description\":\"A Palavra de Deus todos os dias\",\"publisher\":{\"@id\":\"https:\\\/\\\/bencaodiaria.club\\\/#organization\"},\"potentialAction\":[{\"@type\":\"SearchAction\",\"target\":{\"@type\":\"EntryPoint\",\"urlTemplate\":\"https:\\\/\\\/bencaodiaria.club\\\/?s={search_term_string}\"},\"query-input\":{\"@type\":\"PropertyValueSpecification\",\"valueRequired\":true,\"valueName\":\"search_term_string\"}}],\"inLanguage\":\"de\"},{\"@type\":\"Organization\",\"@id\":\"https:\\\/\\\/bencaodiaria.club\\\/#organization\",\"name\":\"Ben\u00e7\u00e3o Di\u00e1ria\",\"url\":\"https:\\\/\\\/bencaodiaria.club\\\/\",\"logo\":{\"@type\":\"ImageObject\",\"inLanguage\":\"de\",\"@id\":\"https:\\\/\\\/bencaodiaria.club\\\/#\\\/schema\\\/logo\\\/image\\\/\",\"url\":\"https:\\\/\\\/bencaodiaria.club\\\/wp-content\\\/uploads\\\/2020\\\/06\\\/LOGO-MOBILE.png\",\"contentUrl\":\"https:\\\/\\\/bencaodiaria.club\\\/wp-content\\\/uploads\\\/2020\\\/06\\\/LOGO-MOBILE.png\",\"width\":100,\"height\":40,\"caption\":\"Ben\u00e7\u00e3o Di\u00e1ria\"},\"image\":{\"@id\":\"https:\\\/\\\/bencaodiaria.club\\\/#\\\/schema\\\/logo\\\/image\\\/\"}}]}<\/script>\n<!-- \/ Yoast SEO plugin. -->","yoast_head_json":{"title":"Sobre N\u00f3s - Ben\u00e7\u00e3o Di\u00e1ria","robots":{"index":"index","follow":"follow","max-snippet":"max-snippet:-1","max-image-preview":"max-image-preview:large","max-video-preview":"max-video-preview:-1"},"canonical":"https:\/\/bencaodiaria.club\/de\/sobre-nos\/","og_locale":"de_DE","og_type":"article","og_title":"Sobre N\u00f3s - Ben\u00e7\u00e3o Di\u00e1ria","og_description":"Bem-vindo ao Ben\u00e7\u00e3o Di\u00e1ria Miss\u00e3o: No Ben\u00e7\u00e3o Di\u00e1ria, acreditamos no poder transformador do Evangelho. Nossa miss\u00e3o \u00e9 levar as mensagens inspiradoras e...","og_url":"https:\/\/bencaodiaria.club\/de\/sobre-nos\/","og_site_name":"Ben\u00e7\u00e3o Di\u00e1ria","article_modified_time":"2026-03-04T14:09:40+00:00","twitter_card":"summary_large_image","twitter_misc":{"Gesch\u00e4tzte Lesezeit":"2\u00a0Minuten"},"schema":{"@context":"https:\/\/schema.org","@graph":[{"@type":"WebPage","@id":"https:\/\/bencaodiaria.club\/sobre-nos\/","url":"https:\/\/bencaodiaria.club\/sobre-nos\/","name":"Sobre N\u00f3s - Ben\u00e7\u00e3o Di\u00e1ria","isPartOf":{"@id":"https:\/\/bencaodiaria.club\/#website"},"datePublished":"2024-01-05T19:45:25+00:00","dateModified":"2026-03-04T14:09:40+00:00","breadcrumb":{"@id":"https:\/\/bencaodiaria.club\/sobre-nos\/#breadcrumb"},"inLanguage":"de","potentialAction":[{"@type":"ReadAction","target":["https:\/\/bencaodiaria.club\/sobre-nos\/"]}]},{"@type":"BreadcrumbList","@id":"https:\/\/bencaodiaria.club\/sobre-nos\/#breadcrumb","itemListElement":[{"@type":"ListItem","position":1,"name":"Home","item":"https:\/\/bencaodiaria.club\/"},{"@type":"ListItem","position":2,"name":"Sobre N\u00f3s"}]},{"@type":"WebSite","@id":"https:\/\/bencaodiaria.club\/#website","url":"https:\/\/bencaodiaria.club\/","name":"T\u00e4glicher Segen","description":"Das Wort Gottes jeden Tag","publisher":{"@id":"https:\/\/bencaodiaria.club\/#organization"},"potentialAction":[{"@type":"SearchAction","target":{"@type":"EntryPoint","urlTemplate":"https:\/\/bencaodiaria.club\/?s={search_term_string}"},"query-input":{"@type":"PropertyValueSpecification","valueRequired":true,"valueName":"search_term_string"}}],"inLanguage":"de"},{"@type":"Organization","@id":"https:\/\/bencaodiaria.club\/#organization","name":"T\u00e4glicher Segen","url":"https:\/\/bencaodiaria.club\/","logo":{"@type":"ImageObject","inLanguage":"de","@id":"https:\/\/bencaodiaria.club\/#\/schema\/logo\/image\/","url":"https:\/\/bencaodiaria.club\/wp-content\/uploads\/2020\/06\/LOGO-MOBILE.png","contentUrl":"https:\/\/bencaodiaria.club\/wp-content\/uploads\/2020\/06\/LOGO-MOBILE.png","width":100,"height":40,"caption":"Ben\u00e7\u00e3o Di\u00e1ria"},"image":{"@id":"https:\/\/bencaodiaria.club\/#\/schema\/logo\/image\/"}}]}},"brizy_media":[],"_links":{"self":[{"href":"https:\/\/bencaodiaria.club\/de\/wp-json\/wp\/v2\/pages\/12724","targetHints":{"allow":["GET"]}}],"collection":[{"href":"https:\/\/bencaodiaria.club\/de\/wp-json\/wp\/v2\/pages"}],"about":[{"href":"https:\/\/bencaodiaria.club\/de\/wp-json\/wp\/v2\/types\/page"}],"author":[{"embeddable":true,"href":"https:\/\/bencaodiaria.club\/de\/wp-json\/wp\/v2\/users\/4"}],"replies":[{"embeddable":true,"href":"https:\/\/bencaodiaria.club\/de\/wp-json\/wp\/v2\/comments?post=12724"}],"version-history":[{"count":3,"href":"https:\/\/bencaodiaria.club\/de\/wp-json\/wp\/v2\/pages\/12724\/revisions"}],"predecessor-version":[{"id":19036,"href":"https:\/\/bencaodiaria.club\/de\/wp-json\/wp\/v2\/pages\/12724\/revisions\/19036"}],"wp:attachment":[{"href":"https:\/\/bencaodiaria.club\/de\/wp-json\/wp\/v2\/media?parent=12724"}],"curies":[{"name":"wp","href":"https:\/\/api.w.org\/{rel}","templated":true}]}}